{"id":853,"date":"2026-04-12T15:43:34","date_gmt":"2026-04-12T15:43:34","guid":{"rendered":"https:\/\/silk-pajamas.com\/22-momme-charmeuse-silk-cover-up-open-front-navy\/"},"modified":"2026-04-20T02:26:18","modified_gmt":"2026-04-20T02:26:18","slug":"22-momme-charmeuse-silk-cover-up-open-front-navy","status":"publish","type":"product","link":"https:\/\/silk-pajamas.com\/es\/22-momme-charmeuse-silk-cover-up-open-front-navy\/","title":{"rendered":"22 Momme Charmeuse Silk Cover Up Open Front Azul marino"},"content":{"rendered":"<p>Esta ligera capa exterior est\u00e1 confeccionada en seda charmeuse 22 momme en tono azul marino. Presenta una parte delantera abierta, un tacto suave y una ca\u00edda c\u00f3moda para llevarla de viaje. Admite tallas personalizadas y es ideal para llevar en verano, como regalo o para el d\u00eda a d\u00eda. Lavar a mano en fr\u00edo o en ciclo delicado.<\/p>","protected":false},"excerpt":{"rendered":"<p>Capa exterior ligera de seda Momme Charmeuse 22 en azul marino. Acabado Open Front, tacto suave y gama de tallas Custom. Dise\u00f1ada para uso en viajes.<\/p>","protected":false},"featured_media":1650,"template":"","meta":{"_gspb_post_css":""},"product_brand":[],"product_cat":[33],"product_tag":[732,733,734],"class_list":{"0":"post-853","1":"product","2":"type-product","3":"status-publish","4":"has-post-thumbnail","6":"product_cat-silk-outerwears","7":"product_tag-22-momme-silk-outerwear-navy","8":"product_tag-charmeuse-silk-outerwear-open-front","9":"product_tag-factory-silk-outerwear-for-travel-use","11":"first","12":"instock","13":"shipping-taxable","14":"purchasable","15":"product-type-simple"},"_links":{"self":[{"href":"https:\/\/silk-pajamas.com\/es\/wp-json\/wp\/v2\/product\/853","targetHints":{"allow":["GET"]}}],"collection":[{"href":"https:\/\/silk-pajamas.com\/es\/wp-json\/wp\/v2\/product"}],"about":[{"href":"https:\/\/silk-pajamas.com\/es\/wp-json\/wp\/v2\/types\/product"}],"wp:featuredmedia":[{"embeddable":true,"href":"https:\/\/silk-pajamas.com\/es\/wp-json\/wp\/v2\/media\/1650"}],"wp:attachment":[{"href":"https:\/\/silk-pajamas.com\/es\/wp-json\/wp\/v2\/media?parent=853"}],"wp:term":[{"taxonomy":"product_brand","embeddable":true,"href":"https:\/\/silk-pajamas.com\/es\/wp-json\/wp\/v2\/product_brand?post=853"},{"taxonomy":"product_cat","embeddable":true,"href":"https:\/\/silk-pajamas.com\/es\/wp-json\/wp\/v2\/product_cat?post=853"},{"taxonomy":"product_tag","embeddable":true,"href":"https:\/\/silk-pajamas.com\/es\/wp-json\/wp\/v2\/product_tag?post=853"}],"curies":[{"name":"wp","href":"https:\/\/api.w.org\/{rel}","templated":true}]}}