{"id":854,"date":"2026-04-12T15:43:34","date_gmt":"2026-04-12T15:43:34","guid":{"rendered":"https:\/\/silk-pajamas.com\/16-momme-charmeuse-silk-jacket-belted-ivory-vendor\/"},"modified":"2026-04-20T02:28:58","modified_gmt":"2026-04-20T02:28:58","slug":"16-momme-charmeuse-silk-jacket-belted-ivory-vendor","status":"publish","type":"product","link":"https:\/\/silk-pajamas.com\/es\/16-momme-charmeuse-silk-jacket-belted-ivory-vendor\/","title":{"rendered":"16 Momme Charmeuse Chaqueta de seda con cintur\u00f3n Marfil Vendedor"},"content":{"rendered":"<p>Confeccionada en seda charmeuse 16 momme, esta ligera capa exterior ofrece una ca\u00edda suave, un tacto agradable y un movimiento elegante. El cintur\u00f3n y el color marfil le confieren un aspecto elegante para llevar de viaje. Disponible en talla \u00fanica. Lavar a mano en fr\u00edo o en ciclo delicado.<\/p>","protected":false},"excerpt":{"rendered":"<p>Capa exterior ligera de seda Momme Charmeuse 16 en color marfil. Acabado con cintur\u00f3n, sensaci\u00f3n de ca\u00edda suave y talla \u00fanica. Dise\u00f1ada para viajes.<\/p>","protected":false},"featured_media":1657,"template":"","meta":{"_gspb_post_css":""},"product_brand":[],"product_cat":[33],"product_tag":[735,698,736],"class_list":{"0":"post-854","1":"product","2":"type-product","3":"status-publish","4":"has-post-thumbnail","6":"product_cat-silk-outerwears","7":"product_tag-16-momme-silk-outerwear-ivory","8":"product_tag-charmeuse-silk-outerwear-belted","9":"product_tag-wholesale-silk-outerwear-for-travel-use","11":"first","12":"instock","13":"featured","14":"shipping-taxable","15":"purchasable","16":"product-type-simple"},"_links":{"self":[{"href":"https:\/\/silk-pajamas.com\/es\/wp-json\/wp\/v2\/product\/854","targetHints":{"allow":["GET"]}}],"collection":[{"href":"https:\/\/silk-pajamas.com\/es\/wp-json\/wp\/v2\/product"}],"about":[{"href":"https:\/\/silk-pajamas.com\/es\/wp-json\/wp\/v2\/types\/product"}],"wp:featuredmedia":[{"embeddable":true,"href":"https:\/\/silk-pajamas.com\/es\/wp-json\/wp\/v2\/media\/1657"}],"wp:attachment":[{"href":"https:\/\/silk-pajamas.com\/es\/wp-json\/wp\/v2\/media?parent=854"}],"wp:term":[{"taxonomy":"product_brand","embeddable":true,"href":"https:\/\/silk-pajamas.com\/es\/wp-json\/wp\/v2\/product_brand?post=854"},{"taxonomy":"product_cat","embeddable":true,"href":"https:\/\/silk-pajamas.com\/es\/wp-json\/wp\/v2\/product_cat?post=854"},{"taxonomy":"product_tag","embeddable":true,"href":"https:\/\/silk-pajamas.com\/es\/wp-json\/wp\/v2\/product_tag?post=854"}],"curies":[{"name":"wp","href":"https:\/\/api.w.org\/{rel}","templated":true}]}}