{"id":855,"date":"2026-04-12T15:43:34","date_gmt":"2026-04-12T15:43:34","guid":{"rendered":"https:\/\/silk-pajamas.com\/16-momme-charmeuse-silk-jacket-open-front-wine\/"},"modified":"2026-04-20T02:32:11","modified_gmt":"2026-04-20T02:32:11","slug":"16-momme-charmeuse-silk-jacket-open-front-wine","status":"publish","type":"product","link":"https:\/\/silk-pajamas.com\/es\/16-momme-charmeuse-silk-jacket-open-front-wine\/","title":{"rendered":"16 Momme Chaqueta de seda Charmeuse Frente Abierto Vino"},"content":{"rendered":"<p>Esta ligera capa exterior est\u00e1 confeccionada en seda charmeuse 16 momme en tono vino. Tiene la parte delantera abierta, un tacto suave y una ca\u00edda c\u00f3moda para la mujer. Admite tallas personalizadas y es ideal para llevar en oto\u00f1o, como regalo o para el d\u00eda a d\u00eda. Lavar a mano en fr\u00edo o en ciclo delicado.<\/p>","protected":false},"excerpt":{"rendered":"<p>Capa exterior ligera de seda Momme Charmeuse 16 en color Vino. Acabado Open Front, tacto suave y gama de tallas Custom. Dise\u00f1ada para la mujer.<\/p>","protected":false},"featured_media":1629,"template":"","meta":{"_gspb_post_css":""},"product_brand":[],"product_cat":[33],"product_tag":[722,733,727],"class_list":{"0":"post-855","1":"product","2":"type-product","3":"status-publish","4":"has-post-thumbnail","6":"product_cat-silk-outerwears","7":"product_tag-16-momme-silk-outerwear-wine","8":"product_tag-charmeuse-silk-outerwear-open-front","9":"product_tag-factory-silk-outerwear-for-women","11":"first","12":"instock","13":"shipping-taxable","14":"purchasable","15":"product-type-simple"},"_links":{"self":[{"href":"https:\/\/silk-pajamas.com\/es\/wp-json\/wp\/v2\/product\/855","targetHints":{"allow":["GET"]}}],"collection":[{"href":"https:\/\/silk-pajamas.com\/es\/wp-json\/wp\/v2\/product"}],"about":[{"href":"https:\/\/silk-pajamas.com\/es\/wp-json\/wp\/v2\/types\/product"}],"wp:featuredmedia":[{"embeddable":true,"href":"https:\/\/silk-pajamas.com\/es\/wp-json\/wp\/v2\/media\/1629"}],"wp:attachment":[{"href":"https:\/\/silk-pajamas.com\/es\/wp-json\/wp\/v2\/media?parent=855"}],"wp:term":[{"taxonomy":"product_brand","embeddable":true,"href":"https:\/\/silk-pajamas.com\/es\/wp-json\/wp\/v2\/product_brand?post=855"},{"taxonomy":"product_cat","embeddable":true,"href":"https:\/\/silk-pajamas.com\/es\/wp-json\/wp\/v2\/product_cat?post=855"},{"taxonomy":"product_tag","embeddable":true,"href":"https:\/\/silk-pajamas.com\/es\/wp-json\/wp\/v2\/product_tag?post=855"}],"curies":[{"name":"wp","href":"https:\/\/api.w.org\/{rel}","templated":true}]}}