{"id":857,"date":"2026-04-12T15:43:35","date_gmt":"2026-04-12T15:43:35","guid":{"rendered":"https:\/\/silk-pajamas.com\/19-momme-crepe-mulberry-silk-pants-straight-leg-lilac\/"},"modified":"2026-04-19T07:44:25","modified_gmt":"2026-04-19T07:44:25","slug":"19-momme-crepe-mulberry-silk-pants-straight-leg-lilac","status":"publish","type":"product","link":"https:\/\/silk-pajamas.com\/es\/19-momme-crepe-mulberry-silk-pants-straight-leg-lilac\/","title":{"rendered":"19 Momme Pantalones de crep\u00e9 de seda Mulberry pierna recta Lila"},"content":{"rendered":"<p>Este pantal\u00f3n sastre de seda est\u00e1 confeccionado en crep\u00e9 de seda 19 momme en tono lila. Presenta pierna recta, tacto suave y ca\u00edda c\u00f3moda para conjuntos de oficina. Admite tallas personalizadas y es ideal para la primavera, para regalar o para el d\u00eda a d\u00eda. Lavar a mano en fr\u00edo o en ciclo delicado.<\/p>","protected":false},"excerpt":{"rendered":"<p>19 Momme Crepe seda a medida pantalones de seda en Lila. Acabado Straight Leg, tacto ligero y tallaje personalizado. Dise\u00f1ados para conjuntos de oficina.<\/p>","protected":false},"featured_media":1602,"template":"","meta":{"_gspb_post_css":""},"product_brand":[],"product_cat":[31],"product_tag":[740,741,742],"class_list":{"0":"post-857","1":"product","2":"type-product","3":"status-publish","4":"has-post-thumbnail","6":"product_cat-silk-pants","7":"product_tag-19-momme-silk-pants-lilac","8":"product_tag-crepe-silk-pants-straight-leg","9":"product_tag-manufacturer-silk-pants-for-office-outfits","11":"first","12":"instock","13":"shipping-taxable","14":"purchasable","15":"product-type-simple"},"_links":{"self":[{"href":"https:\/\/silk-pajamas.com\/es\/wp-json\/wp\/v2\/product\/857","targetHints":{"allow":["GET"]}}],"collection":[{"href":"https:\/\/silk-pajamas.com\/es\/wp-json\/wp\/v2\/product"}],"about":[{"href":"https:\/\/silk-pajamas.com\/es\/wp-json\/wp\/v2\/types\/product"}],"wp:featuredmedia":[{"embeddable":true,"href":"https:\/\/silk-pajamas.com\/es\/wp-json\/wp\/v2\/media\/1602"}],"wp:attachment":[{"href":"https:\/\/silk-pajamas.com\/es\/wp-json\/wp\/v2\/media?parent=857"}],"wp:term":[{"taxonomy":"product_brand","embeddable":true,"href":"https:\/\/silk-pajamas.com\/es\/wp-json\/wp\/v2\/product_brand?post=857"},{"taxonomy":"product_cat","embeddable":true,"href":"https:\/\/silk-pajamas.com\/es\/wp-json\/wp\/v2\/product_cat?post=857"},{"taxonomy":"product_tag","embeddable":true,"href":"https:\/\/silk-pajamas.com\/es\/wp-json\/wp\/v2\/product_tag?post=857"}],"curies":[{"name":"wp","href":"https:\/\/api.w.org\/{rel}","templated":true}]}}