{"id":860,"date":"2026-04-12T15:43:35","date_gmt":"2026-04-12T15:43:35","guid":{"rendered":"https:\/\/silk-pajamas.com\/22-momme-crepe-mulberry-silk-pants-ankle-length-coffee\/"},"modified":"2026-04-19T07:47:33","modified_gmt":"2026-04-19T07:47:33","slug":"22-momme-crepe-mulberry-silk-pants-ankle-length-coffee","status":"publish","type":"product","link":"https:\/\/silk-pajamas.com\/es\/22-momme-crepe-mulberry-silk-pants-ankle-length-coffee\/","title":{"rendered":"22 Momme Crepe Mulberry Pantalones de seda hasta el tobillo Caf\u00e9"},"content":{"rendered":"<p>Confeccionado en crep\u00e9 de seda 22 momme, este pantal\u00f3n de seda entallado ofrece transpirabilidad, un tacto suave en la piel y un movimiento elegante. El largo hasta el tobillo y el color caf\u00e9 mantienen el look pulido para llevar de viaje. Disponible en XS, S, M, L, XL y XXL. Lavar a mano en fr\u00edo o en ciclo delicado.<\/p>","protected":false},"excerpt":{"rendered":"<p>Pantal\u00f3n sastre 22 Momme Crepe de seda en color Coffee. Acabado tobillero, tacto transpirable y tallas XS, S, M, L, XL, XXL. Dise\u00f1ado para viajes.<\/p>","protected":false},"featured_media":1588,"template":"","meta":{"_gspb_post_css":""},"product_brand":[],"product_cat":[31],"product_tag":[745,748,749],"class_list":{"0":"post-860","1":"product","2":"type-product","3":"status-publish","4":"has-post-thumbnail","6":"product_cat-silk-pants","7":"product_tag-22-momme-silk-pants-coffee","8":"product_tag-crepe-silk-pants-ankle-length","9":"product_tag-manufacturer-silk-pants-for-travel-use","11":"first","12":"instock","13":"shipping-taxable","14":"purchasable","15":"product-type-simple"},"_links":{"self":[{"href":"https:\/\/silk-pajamas.com\/es\/wp-json\/wp\/v2\/product\/860","targetHints":{"allow":["GET"]}}],"collection":[{"href":"https:\/\/silk-pajamas.com\/es\/wp-json\/wp\/v2\/product"}],"about":[{"href":"https:\/\/silk-pajamas.com\/es\/wp-json\/wp\/v2\/types\/product"}],"wp:featuredmedia":[{"embeddable":true,"href":"https:\/\/silk-pajamas.com\/es\/wp-json\/wp\/v2\/media\/1588"}],"wp:attachment":[{"href":"https:\/\/silk-pajamas.com\/es\/wp-json\/wp\/v2\/media?parent=860"}],"wp:term":[{"taxonomy":"product_brand","embeddable":true,"href":"https:\/\/silk-pajamas.com\/es\/wp-json\/wp\/v2\/product_brand?post=860"},{"taxonomy":"product_cat","embeddable":true,"href":"https:\/\/silk-pajamas.com\/es\/wp-json\/wp\/v2\/product_cat?post=860"},{"taxonomy":"product_tag","embeddable":true,"href":"https:\/\/silk-pajamas.com\/es\/wp-json\/wp\/v2\/product_tag?post=860"}],"curies":[{"name":"wp","href":"https:\/\/api.w.org\/{rel}","templated":true}]}}