{"id":862,"date":"2026-04-12T15:43:36","date_gmt":"2026-04-12T15:43:36","guid":{"rendered":"https:\/\/silk-pajamas.com\/16-momme-charmeuse-mulberry-silk-pants-high-rise-black\/"},"modified":"2026-04-19T07:39:06","modified_gmt":"2026-04-19T07:39:06","slug":"16-momme-charmeuse-mulberry-silk-pants-high-rise-black","status":"publish","type":"product","link":"https:\/\/silk-pajamas.com\/es\/16-momme-charmeuse-mulberry-silk-pants-high-rise-black\/","title":{"rendered":"16 Pantalones Momme Charmeuse Mulberry Silk High Rise Negro"},"content":{"rendered":"<p>Confeccionado en seda charmeuse 16 momme, este pantal\u00f3n de seda entallado combina el detalle de la cintura alta con un brillo suave y un tacto transpirable. El acabado en negro le confiere un aspecto refinado, mientras que las tallas XL, XXL, 3XL, 4XL ayudan a cubrir la demanda b\u00e1sica. Adecuado para vestir en complejos y armarios oto\u00f1ales. Lavar a mano en fr\u00edo o en ciclo delicado.<\/p>","protected":false},"excerpt":{"rendered":"<p>16 pantalones de seda Momme Charmeuse en negro. Acabado High Rise, suave ca\u00edda y tallas XL, XXL, 3XL, 4XL. Dise\u00f1ados para vestir en el verano.<\/p>","protected":false},"featured_media":1582,"template":"","meta":{"_gspb_post_css":""},"product_brand":[],"product_cat":[31],"product_tag":[752,753,754],"class_list":{"0":"post-862","1":"product","2":"type-product","3":"status-publish","4":"has-post-thumbnail","6":"product_cat-silk-pants","7":"product_tag-16-momme-silk-pants-black","8":"product_tag-charmeuse-silk-pants-high-rise","9":"product_tag-vendor-silk-pants-for-resort-dressing","11":"first","12":"instock","13":"shipping-taxable","14":"purchasable","15":"product-type-simple"},"_links":{"self":[{"href":"https:\/\/silk-pajamas.com\/es\/wp-json\/wp\/v2\/product\/862","targetHints":{"allow":["GET"]}}],"collection":[{"href":"https:\/\/silk-pajamas.com\/es\/wp-json\/wp\/v2\/product"}],"about":[{"href":"https:\/\/silk-pajamas.com\/es\/wp-json\/wp\/v2\/types\/product"}],"wp:featuredmedia":[{"embeddable":true,"href":"https:\/\/silk-pajamas.com\/es\/wp-json\/wp\/v2\/media\/1582"}],"wp:attachment":[{"href":"https:\/\/silk-pajamas.com\/es\/wp-json\/wp\/v2\/media?parent=862"}],"wp:term":[{"taxonomy":"product_brand","embeddable":true,"href":"https:\/\/silk-pajamas.com\/es\/wp-json\/wp\/v2\/product_brand?post=862"},{"taxonomy":"product_cat","embeddable":true,"href":"https:\/\/silk-pajamas.com\/es\/wp-json\/wp\/v2\/product_cat?post=862"},{"taxonomy":"product_tag","embeddable":true,"href":"https:\/\/silk-pajamas.com\/es\/wp-json\/wp\/v2\/product_tag?post=862"}],"curies":[{"name":"wp","href":"https:\/\/api.w.org\/{rel}","templated":true}]}}