{"id":863,"date":"2026-04-12T15:43:37","date_gmt":"2026-04-12T15:43:37","guid":{"rendered":"https:\/\/silk-pajamas.com\/16-momme-mulberry-silk-pants-high-rise-blush-vendor\/"},"modified":"2026-04-19T07:15:32","modified_gmt":"2026-04-19T07:15:32","slug":"16-momme-mulberry-silk-pants-high-rise-blush-vendor","status":"publish","type":"product","link":"https:\/\/silk-pajamas.com\/es\/16-momme-mulberry-silk-pants-high-rise-blush-vendor\/","title":{"rendered":"16 Momme Pantalones de Seda Mulberry High Rise Blush Vendedor"},"content":{"rendered":"<p>Este pantal\u00f3n de seda entallado est\u00e1 confeccionado en seda de morera de 16 micras en tono rubor. Presenta tiro alto, tacto suave y ca\u00edda c\u00f3moda para vestir en verano. Admite tallas personalizadas y es ideal para llevar en verano, para regalar o para el d\u00eda a d\u00eda. Lavar a mano en fr\u00edo o en ciclo delicado.<\/p>","protected":false},"excerpt":{"rendered":"<p>16 pantalones de seda a medida Momme Mulberry en Blush. Acabado High Rise, sensaci\u00f3n de ca\u00edda suave y tallaje personalizado. Dise\u00f1ados para vestir en complejos tur\u00edsticos.<\/p>","protected":false},"featured_media":1542,"template":"","meta":{"_gspb_post_css":""},"product_brand":[],"product_cat":[31],"product_tag":[755,756,757],"class_list":{"0":"post-863","1":"product","2":"type-product","3":"status-publish","4":"has-post-thumbnail","6":"product_cat-silk-pants","7":"product_tag-16-momme-silk-pants-blush","8":"product_tag-mulberry-silk-pants-high-rise","9":"product_tag-wholesale-silk-pants-for-resort-dressing","11":"first","12":"instock","13":"shipping-taxable","14":"purchasable","15":"product-type-simple"},"_links":{"self":[{"href":"https:\/\/silk-pajamas.com\/es\/wp-json\/wp\/v2\/product\/863","targetHints":{"allow":["GET"]}}],"collection":[{"href":"https:\/\/silk-pajamas.com\/es\/wp-json\/wp\/v2\/product"}],"about":[{"href":"https:\/\/silk-pajamas.com\/es\/wp-json\/wp\/v2\/types\/product"}],"wp:featuredmedia":[{"embeddable":true,"href":"https:\/\/silk-pajamas.com\/es\/wp-json\/wp\/v2\/media\/1542"}],"wp:attachment":[{"href":"https:\/\/silk-pajamas.com\/es\/wp-json\/wp\/v2\/media?parent=863"}],"wp:term":[{"taxonomy":"product_brand","embeddable":true,"href":"https:\/\/silk-pajamas.com\/es\/wp-json\/wp\/v2\/product_brand?post=863"},{"taxonomy":"product_cat","embeddable":true,"href":"https:\/\/silk-pajamas.com\/es\/wp-json\/wp\/v2\/product_cat?post=863"},{"taxonomy":"product_tag","embeddable":true,"href":"https:\/\/silk-pajamas.com\/es\/wp-json\/wp\/v2\/product_tag?post=863"}],"curies":[{"name":"wp","href":"https:\/\/api.w.org\/{rel}","templated":true}]}}