{"id":867,"date":"2026-04-12T15:43:37","date_gmt":"2026-04-12T15:43:37","guid":{"rendered":"https:\/\/silk-pajamas.com\/22-momme-charmeuse-silk-pants-drawstring-ivory\/"},"modified":"2026-04-19T07:22:19","modified_gmt":"2026-04-19T07:22:19","slug":"22-momme-charmeuse-silk-pants-drawstring-ivory","status":"publish","type":"product","link":"https:\/\/silk-pajamas.com\/es\/22-momme-charmeuse-silk-pants-drawstring-ivory\/","title":{"rendered":"22 Momme Pantalones de seda Charmeuse Cord\u00f3n Marfil"},"content":{"rendered":"<p>Confeccionado en seda charmeuse 22 momme, este pantal\u00f3n de seda entallado ofrece una ca\u00edda suave, un tacto agradable y un movimiento elegante. La confecci\u00f3n con cord\u00f3n de ajuste y el color marfil le confieren un aspecto refinado para el verano. Disponible en XL, XXL, 3XL y 4XL. Lavar a mano en fr\u00edo o en ciclo delicado.<\/p>","protected":false},"excerpt":{"rendered":"<p>Pantal\u00f3n sastre de seda Momme Charmeuse 22 en color marfil. Acabado con cord\u00f3n, suave ca\u00edda y tallas XL, XXL, 3XL, 4XL. Dise\u00f1ados para vestir en el verano.<\/p>","protected":false},"featured_media":1559,"template":"","meta":{"_gspb_post_css":""},"product_brand":[],"product_cat":[31],"product_tag":[765,766,759],"class_list":{"0":"post-867","1":"product","2":"type-product","3":"status-publish","4":"has-post-thumbnail","6":"product_cat-silk-pants","7":"product_tag-22-momme-silk-pants-ivory","8":"product_tag-charmeuse-silk-pants-drawstring","9":"product_tag-manufacturer-silk-pants-for-resort-dressing","11":"first","12":"instock","13":"shipping-taxable","14":"purchasable","15":"product-type-simple"},"_links":{"self":[{"href":"https:\/\/silk-pajamas.com\/es\/wp-json\/wp\/v2\/product\/867","targetHints":{"allow":["GET"]}}],"collection":[{"href":"https:\/\/silk-pajamas.com\/es\/wp-json\/wp\/v2\/product"}],"about":[{"href":"https:\/\/silk-pajamas.com\/es\/wp-json\/wp\/v2\/types\/product"}],"wp:featuredmedia":[{"embeddable":true,"href":"https:\/\/silk-pajamas.com\/es\/wp-json\/wp\/v2\/media\/1559"}],"wp:attachment":[{"href":"https:\/\/silk-pajamas.com\/es\/wp-json\/wp\/v2\/media?parent=867"}],"wp:term":[{"taxonomy":"product_brand","embeddable":true,"href":"https:\/\/silk-pajamas.com\/es\/wp-json\/wp\/v2\/product_brand?post=867"},{"taxonomy":"product_cat","embeddable":true,"href":"https:\/\/silk-pajamas.com\/es\/wp-json\/wp\/v2\/product_cat?post=867"},{"taxonomy":"product_tag","embeddable":true,"href":"https:\/\/silk-pajamas.com\/es\/wp-json\/wp\/v2\/product_tag?post=867"}],"curies":[{"name":"wp","href":"https:\/\/api.w.org\/{rel}","templated":true}]}}