{"id":870,"date":"2026-04-12T15:43:37","date_gmt":"2026-04-12T15:43:37","guid":{"rendered":"https:\/\/silk-pajamas.com\/25-momme-sandwashed-silk-pants-high-rise-floral\/"},"modified":"2026-04-19T07:28:49","modified_gmt":"2026-04-19T07:28:49","slug":"25-momme-sandwashed-silk-pants-high-rise-floral","status":"publish","type":"product","link":"https:\/\/silk-pajamas.com\/es\/25-momme-sandwashed-silk-pants-high-rise-floral\/","title":{"rendered":"25 Momme Sandwashed Silk Pants High Rise Floral"},"content":{"rendered":"<p>Confeccionado en seda sandwashed de 25 momme, este pantal\u00f3n de seda entallado combina el detalle de la cintura alta con un brillo suave y un tacto transpirable. El acabado floral le confiere un aspecto refinado, mientras que las tallas XS, S, M, L, XL y XXL ayudan a cubrir la demanda b\u00e1sica. Adecuada para viajes y armarios de oto\u00f1o. Lavar a mano en fr\u00edo o en ciclo delicado.<\/p>","protected":false},"excerpt":{"rendered":"<p>25 pantalones de seda a medida Momme Sandwashed en Floral. Acabado High Rise, tacto de ca\u00edda suave y tallas XS, S, M, L, XL, XXL. Dise\u00f1ado para viajes.<\/p>","protected":false},"featured_media":1571,"template":"","meta":{"_gspb_post_css":""},"product_brand":[],"product_cat":[31],"product_tag":[770,751,771],"class_list":{"0":"post-870","1":"product","2":"type-product","3":"status-publish","4":"has-post-thumbnail","6":"product_cat-silk-pants","7":"product_tag-25-momme-silk-pants-floral","8":"product_tag-sandwashed-silk-pants-high-rise","9":"product_tag-supplier-silk-pants-for-travel-use","11":"first","12":"instock","13":"shipping-taxable","14":"purchasable","15":"product-type-simple"},"_links":{"self":[{"href":"https:\/\/silk-pajamas.com\/es\/wp-json\/wp\/v2\/product\/870","targetHints":{"allow":["GET"]}}],"collection":[{"href":"https:\/\/silk-pajamas.com\/es\/wp-json\/wp\/v2\/product"}],"about":[{"href":"https:\/\/silk-pajamas.com\/es\/wp-json\/wp\/v2\/types\/product"}],"wp:featuredmedia":[{"embeddable":true,"href":"https:\/\/silk-pajamas.com\/es\/wp-json\/wp\/v2\/media\/1571"}],"wp:attachment":[{"href":"https:\/\/silk-pajamas.com\/es\/wp-json\/wp\/v2\/media?parent=870"}],"wp:term":[{"taxonomy":"product_brand","embeddable":true,"href":"https:\/\/silk-pajamas.com\/es\/wp-json\/wp\/v2\/product_brand?post=870"},{"taxonomy":"product_cat","embeddable":true,"href":"https:\/\/silk-pajamas.com\/es\/wp-json\/wp\/v2\/product_cat?post=870"},{"taxonomy":"product_tag","embeddable":true,"href":"https:\/\/silk-pajamas.com\/es\/wp-json\/wp\/v2\/product_tag?post=870"}],"curies":[{"name":"wp","href":"https:\/\/api.w.org\/{rel}","templated":true}]}}