{"id":872,"date":"2026-04-12T15:43:37","date_gmt":"2026-04-12T15:43:37","guid":{"rendered":"https:\/\/silk-pajamas.com\/16-momme-crepe-mulberry-silk-pants-drawstring-black\/"},"modified":"2026-04-19T07:33:54","modified_gmt":"2026-04-19T07:33:54","slug":"16-momme-crepe-mulberry-silk-pants-drawstring-black","status":"publish","type":"product","link":"https:\/\/silk-pajamas.com\/es\/16-momme-crepe-mulberry-silk-pants-drawstring-black\/","title":{"rendered":"16 Momme Crepe Mulberry Silk Pants Drawstring Negro"},"content":{"rendered":"<p>Confeccionado en crep\u00e9 de seda 16 momme, este pantal\u00f3n sastre de seda combina el detalle del cord\u00f3n con un brillo suave y un tacto transpirable. El acabado en negro le confiere un aspecto refinado, mientras que las tallas S, M, L, XL ayudan a cubrir la demanda b\u00e1sica. Adecuado para conjuntos de oficina y armarios de todas las temporadas. Lavar a mano en fr\u00edo o en ciclo delicado.<\/p>","protected":false},"excerpt":{"rendered":"<p>16 Momme Pantalones de seda de crep\u00e9 en negro. Acabado con cord\u00f3n, tacto termorregulador y tallas S, M, L, XL. Dise\u00f1ado para conjuntos de oficina.<\/p>","protected":false},"featured_media":1581,"template":"","meta":{"_gspb_post_css":""},"product_brand":[],"product_cat":[31],"product_tag":[752,774,747],"class_list":{"0":"post-872","1":"product","2":"type-product","3":"status-publish","4":"has-post-thumbnail","6":"product_cat-silk-pants","7":"product_tag-16-momme-silk-pants-black","8":"product_tag-crepe-silk-pants-drawstring","9":"product_tag-factory-silk-pants-for-office-outfits","11":"first","12":"instock","13":"shipping-taxable","14":"purchasable","15":"product-type-simple"},"_links":{"self":[{"href":"https:\/\/silk-pajamas.com\/es\/wp-json\/wp\/v2\/product\/872","targetHints":{"allow":["GET"]}}],"collection":[{"href":"https:\/\/silk-pajamas.com\/es\/wp-json\/wp\/v2\/product"}],"about":[{"href":"https:\/\/silk-pajamas.com\/es\/wp-json\/wp\/v2\/types\/product"}],"wp:featuredmedia":[{"embeddable":true,"href":"https:\/\/silk-pajamas.com\/es\/wp-json\/wp\/v2\/media\/1581"}],"wp:attachment":[{"href":"https:\/\/silk-pajamas.com\/es\/wp-json\/wp\/v2\/media?parent=872"}],"wp:term":[{"taxonomy":"product_brand","embeddable":true,"href":"https:\/\/silk-pajamas.com\/es\/wp-json\/wp\/v2\/product_brand?post=872"},{"taxonomy":"product_cat","embeddable":true,"href":"https:\/\/silk-pajamas.com\/es\/wp-json\/wp\/v2\/product_cat?post=872"},{"taxonomy":"product_tag","embeddable":true,"href":"https:\/\/silk-pajamas.com\/es\/wp-json\/wp\/v2\/product_tag?post=872"}],"curies":[{"name":"wp","href":"https:\/\/api.w.org\/{rel}","templated":true}]}}