{"id":875,"date":"2026-04-12T15:43:38","date_gmt":"2026-04-12T15:43:38","guid":{"rendered":"https:\/\/silk-pajamas.com\/19-momme-mulberry-silk-pants-elastic-waist-lilac\/"},"modified":"2026-04-19T06:42:50","modified_gmt":"2026-04-19T06:42:50","slug":"19-momme-mulberry-silk-pants-elastic-waist-lilac","status":"publish","type":"product","link":"https:\/\/silk-pajamas.com\/es\/19-momme-mulberry-silk-pants-elastic-waist-lilac\/","title":{"rendered":"19 Momme Pantalones de seda de morera Cintura el\u00e1stica Lila"},"content":{"rendered":"<p>Confeccionado con seda de morera 19 momme, este pantal\u00f3n de seda entallado ofrece ligereza, un tacto suave en la piel y un movimiento elegante. La construcci\u00f3n el\u00e1stica de la cintura y el color lila mantienen el look pulido para conjuntos de oficina. Disponible en Custom. Lavar a mano en fr\u00edo o en ciclo delicado.<\/p>","protected":false},"excerpt":{"rendered":"<p>19 pantalones de seda a medida Momme Mulberry en lila. Acabado el\u00e1stico en la cintura, tacto ligero y tallaje personalizado. Dise\u00f1ado para conjuntos de oficina.<\/p>","protected":false},"featured_media":1485,"template":"","meta":{"_gspb_post_css":""},"product_brand":[],"product_cat":[31],"product_tag":[740,780,781],"class_list":{"0":"post-875","1":"product","2":"type-product","3":"status-publish","4":"has-post-thumbnail","6":"product_cat-silk-pants","7":"product_tag-19-momme-silk-pants-lilac","8":"product_tag-mulberry-silk-pants-elastic-waist","9":"product_tag-supplier-silk-pants-for-office-outfits","11":"first","12":"instock","13":"shipping-taxable","14":"purchasable","15":"product-type-simple"},"_links":{"self":[{"href":"https:\/\/silk-pajamas.com\/es\/wp-json\/wp\/v2\/product\/875","targetHints":{"allow":["GET"]}}],"collection":[{"href":"https:\/\/silk-pajamas.com\/es\/wp-json\/wp\/v2\/product"}],"about":[{"href":"https:\/\/silk-pajamas.com\/es\/wp-json\/wp\/v2\/types\/product"}],"wp:featuredmedia":[{"embeddable":true,"href":"https:\/\/silk-pajamas.com\/es\/wp-json\/wp\/v2\/media\/1485"}],"wp:attachment":[{"href":"https:\/\/silk-pajamas.com\/es\/wp-json\/wp\/v2\/media?parent=875"}],"wp:term":[{"taxonomy":"product_brand","embeddable":true,"href":"https:\/\/silk-pajamas.com\/es\/wp-json\/wp\/v2\/product_brand?post=875"},{"taxonomy":"product_cat","embeddable":true,"href":"https:\/\/silk-pajamas.com\/es\/wp-json\/wp\/v2\/product_cat?post=875"},{"taxonomy":"product_tag","embeddable":true,"href":"https:\/\/silk-pajamas.com\/es\/wp-json\/wp\/v2\/product_tag?post=875"}],"curies":[{"name":"wp","href":"https:\/\/api.w.org\/{rel}","templated":true}]}}