{"id":876,"date":"2026-04-12T15:43:38","date_gmt":"2026-04-12T15:43:38","guid":{"rendered":"https:\/\/silk-pajamas.com\/16-momme-crepe-silk-pants-drawstring-wine-wholesale\/"},"modified":"2026-04-19T06:46:46","modified_gmt":"2026-04-19T06:46:46","slug":"16-momme-crepe-silk-pants-drawstring-wine-wholesale","status":"publish","type":"product","link":"https:\/\/silk-pajamas.com\/es\/16-momme-crepe-silk-pants-drawstring-wine-wholesale\/","title":{"rendered":"16 Momme Crepe Seda Pantalones Cord\u00f3n Vino al por mayor"},"content":{"rendered":"<p>Este pantal\u00f3n de seda entallado est\u00e1 confeccionado en crep\u00e9 de seda 16 momme en tono vino. Presenta cord\u00f3n de ajuste, tacto suave y ca\u00edda c\u00f3moda para conjuntos de oficina. Este modelo es compatible con las tallas S, M, L y XL y es ideal para el verano, para regalar o para el d\u00eda a d\u00eda. Lavar a mano en fr\u00edo o en ciclo delicado.<\/p>","protected":false},"excerpt":{"rendered":"<p>16 Momme Pantalones sastre de crep\u00e9 de seda en color Wine. Acabado con cord\u00f3n, tacto termorregulador y tallas S, M, L, XL. Dise\u00f1ado para conjuntos de oficina.<\/p>","protected":false},"featured_media":1489,"template":"","meta":{"_gspb_post_css":""},"product_brand":[],"product_cat":[31],"product_tag":[782,774,776],"class_list":{"0":"post-876","1":"product","2":"type-product","3":"status-publish","4":"has-post-thumbnail","6":"product_cat-silk-pants","7":"product_tag-16-momme-silk-pants-wine","8":"product_tag-crepe-silk-pants-drawstring","9":"product_tag-vendor-silk-pants-for-office-outfits","11":"first","12":"instock","13":"featured","14":"shipping-taxable","15":"purchasable","16":"product-type-simple"},"_links":{"self":[{"href":"https:\/\/silk-pajamas.com\/es\/wp-json\/wp\/v2\/product\/876","targetHints":{"allow":["GET"]}}],"collection":[{"href":"https:\/\/silk-pajamas.com\/es\/wp-json\/wp\/v2\/product"}],"about":[{"href":"https:\/\/silk-pajamas.com\/es\/wp-json\/wp\/v2\/types\/product"}],"wp:featuredmedia":[{"embeddable":true,"href":"https:\/\/silk-pajamas.com\/es\/wp-json\/wp\/v2\/media\/1489"}],"wp:attachment":[{"href":"https:\/\/silk-pajamas.com\/es\/wp-json\/wp\/v2\/media?parent=876"}],"wp:term":[{"taxonomy":"product_brand","embeddable":true,"href":"https:\/\/silk-pajamas.com\/es\/wp-json\/wp\/v2\/product_brand?post=876"},{"taxonomy":"product_cat","embeddable":true,"href":"https:\/\/silk-pajamas.com\/es\/wp-json\/wp\/v2\/product_cat?post=876"},{"taxonomy":"product_tag","embeddable":true,"href":"https:\/\/silk-pajamas.com\/es\/wp-json\/wp\/v2\/product_tag?post=876"}],"curies":[{"name":"wp","href":"https:\/\/api.w.org\/{rel}","templated":true}]}}