{"id":878,"date":"2026-04-12T15:43:38","date_gmt":"2026-04-12T15:43:38","guid":{"rendered":"https:\/\/silk-pajamas.com\/16-momme-crepe-mulberry-silk-pants-high-rise-ivory\/"},"modified":"2026-04-19T06:55:12","modified_gmt":"2026-04-19T06:55:12","slug":"16-momme-crepe-mulberry-silk-pants-high-rise-ivory","status":"publish","type":"product","link":"https:\/\/silk-pajamas.com\/es\/16-momme-crepe-mulberry-silk-pants-high-rise-ivory\/","title":{"rendered":"16 Momme Crepe Mulberry Pantalones de Seda de Altura Marfil"},"content":{"rendered":"<p>Este pantal\u00f3n entallado de seda est\u00e1 confeccionado en crep\u00e9 de seda 16 momme en tono marfil. Presenta tiro alto, tacto suave y ca\u00edda c\u00f3moda para conjuntos de oficina. Este modelo es compatible con las tallas XL, XXL, 3XL y 4XL y es ideal para la primavera, para regalar o para el d\u00eda a d\u00eda. Lavar a mano en fr\u00edo o en ciclo delicado.<\/p>","protected":false},"excerpt":{"rendered":"<p>16 Momme Crepe seda sastre pantalones de seda en marfil. Acabado de tiro alto, tacto suave y tallas XL, XXL, 3XL, 4XL. Dise\u00f1ado para conjuntos de oficina.<\/p>","protected":false},"featured_media":1497,"template":"","meta":{"_gspb_post_css":""},"product_brand":[],"product_cat":[31],"product_tag":[783,784,785],"class_list":{"0":"post-878","1":"product","2":"type-product","3":"status-publish","4":"has-post-thumbnail","6":"product_cat-silk-pants","7":"product_tag-16-momme-silk-pants-ivory","8":"product_tag-crepe-silk-pants-high-rise","9":"product_tag-wholesale-silk-pants-for-office-outfits","11":"first","12":"instock","13":"shipping-taxable","14":"purchasable","15":"product-type-simple"},"_links":{"self":[{"href":"https:\/\/silk-pajamas.com\/es\/wp-json\/wp\/v2\/product\/878","targetHints":{"allow":["GET"]}}],"collection":[{"href":"https:\/\/silk-pajamas.com\/es\/wp-json\/wp\/v2\/product"}],"about":[{"href":"https:\/\/silk-pajamas.com\/es\/wp-json\/wp\/v2\/types\/product"}],"wp:featuredmedia":[{"embeddable":true,"href":"https:\/\/silk-pajamas.com\/es\/wp-json\/wp\/v2\/media\/1497"}],"wp:attachment":[{"href":"https:\/\/silk-pajamas.com\/es\/wp-json\/wp\/v2\/media?parent=878"}],"wp:term":[{"taxonomy":"product_brand","embeddable":true,"href":"https:\/\/silk-pajamas.com\/es\/wp-json\/wp\/v2\/product_brand?post=878"},{"taxonomy":"product_cat","embeddable":true,"href":"https:\/\/silk-pajamas.com\/es\/wp-json\/wp\/v2\/product_cat?post=878"},{"taxonomy":"product_tag","embeddable":true,"href":"https:\/\/silk-pajamas.com\/es\/wp-json\/wp\/v2\/product_tag?post=878"}],"curies":[{"name":"wp","href":"https:\/\/api.w.org\/{rel}","templated":true}]}}