{"id":880,"date":"2026-04-12T15:43:38","date_gmt":"2026-04-12T15:43:38","guid":{"rendered":"https:\/\/silk-pajamas.com\/25-momme-sandwashed-silk-pants-high-rise-sky-blue\/"},"modified":"2026-04-19T07:02:55","modified_gmt":"2026-04-19T07:02:55","slug":"25-momme-sandwashed-silk-pants-high-rise-sky-blue","status":"publish","type":"product","link":"https:\/\/silk-pajamas.com\/es\/25-momme-sandwashed-silk-pants-high-rise-sky-blue\/","title":{"rendered":"25 Momme Sandwashed Silk Pants High Rise Sky Blue"},"content":{"rendered":"<p>Confeccionado en seda sandwashed 25 momme, este pantal\u00f3n de seda entallado combina el detalle de la cintura alta con un brillo suave y un tacto transpirable. El acabado en azul cielo le confiere un aspecto refinado, mientras que las tallas Custom ayudan a cubrir la demanda central. Adecuado para vestir en complejos tur\u00edsticos y armarios de todas las estaciones. Lavar a mano en fr\u00edo o en ciclo delicado.<\/p>","protected":false},"excerpt":{"rendered":"<p>25 Momme Sandwashed pantalones de seda a medida en Sky Blue. Acabado High Rise, sensaci\u00f3n de ca\u00edda suave y tallaje personalizado. Dise\u00f1ados para vestir en complejos tur\u00edsticos.<\/p>","protected":false},"featured_media":1506,"template":"","meta":{"_gspb_post_css":""},"product_brand":[],"product_cat":[31],"product_tag":[787,788,751],"class_list":{"0":"post-880","1":"product","2":"type-product","3":"status-publish","4":"has-post-thumbnail","6":"product_cat-silk-pants","7":"product_tag-25-momme-silk-pants-sky-blue","8":"product_tag-factory-silk-pants-for-resort-dressing","9":"product_tag-sandwashed-silk-pants-high-rise","11":"first","12":"instock","13":"shipping-taxable","14":"purchasable","15":"product-type-simple"},"_links":{"self":[{"href":"https:\/\/silk-pajamas.com\/es\/wp-json\/wp\/v2\/product\/880","targetHints":{"allow":["GET"]}}],"collection":[{"href":"https:\/\/silk-pajamas.com\/es\/wp-json\/wp\/v2\/product"}],"about":[{"href":"https:\/\/silk-pajamas.com\/es\/wp-json\/wp\/v2\/types\/product"}],"wp:featuredmedia":[{"embeddable":true,"href":"https:\/\/silk-pajamas.com\/es\/wp-json\/wp\/v2\/media\/1506"}],"wp:attachment":[{"href":"https:\/\/silk-pajamas.com\/es\/wp-json\/wp\/v2\/media?parent=880"}],"wp:term":[{"taxonomy":"product_brand","embeddable":true,"href":"https:\/\/silk-pajamas.com\/es\/wp-json\/wp\/v2\/product_brand?post=880"},{"taxonomy":"product_cat","embeddable":true,"href":"https:\/\/silk-pajamas.com\/es\/wp-json\/wp\/v2\/product_cat?post=880"},{"taxonomy":"product_tag","embeddable":true,"href":"https:\/\/silk-pajamas.com\/es\/wp-json\/wp\/v2\/product_tag?post=880"}],"curies":[{"name":"wp","href":"https:\/\/api.w.org\/{rel}","templated":true}]}}