{"id":882,"date":"2026-04-12T15:43:38","date_gmt":"2026-04-12T15:43:38","guid":{"rendered":"https:\/\/silk-pajamas.com\/25-momme-charmeuse-silk-shirt-long-sleeve-navy-wholesale\/"},"modified":"2026-04-19T07:05:58","modified_gmt":"2026-04-19T07:05:58","slug":"25-momme-charmeuse-silk-shirt-long-sleeve-navy-wholesale","status":"publish","type":"product","link":"https:\/\/silk-pajamas.com\/es\/25-momme-charmeuse-silk-shirt-long-sleeve-navy-wholesale\/","title":{"rendered":"25 Momme Charmeuse Camisa de Seda de Manga Larga Azul Marino al por mayor"},"content":{"rendered":"<p>Esta blusa de seda est\u00e1 confeccionada en 25 seda momme charmeuse en tono azul marino. Presenta manga larga, tacto suave y ca\u00edda c\u00f3moda para armarios c\u00e1psula. Este modelo es compatible con las tallas S, M, L, XL y XXL y es ideal para la primavera, para regalar o para el d\u00eda a d\u00eda. Lavar a mano en fr\u00edo o en ciclo delicado.<\/p>","protected":false},"excerpt":{"rendered":"<p>25 Momme Charmeuse blusa de seda en azul marino. Acabado de manga larga, tacto termorregulador y tallas S, M, L, XL, XXL. Dise\u00f1ada para armarios c\u00e1psula.<\/p>","protected":false},"featured_media":1517,"template":"","meta":{"_gspb_post_css":""},"product_brand":[],"product_cat":[27],"product_tag":[792,793,794],"class_list":{"0":"post-882","1":"product","2":"type-product","3":"status-publish","4":"has-post-thumbnail","6":"product_cat-silk-shirts-blouses","7":"product_tag-25-momme-silk-blouse-navy","8":"product_tag-charmeuse-silk-blouse-long-sleeve","9":"product_tag-supplier-silk-blouse-for-capsule-wardrobes","11":"first","12":"instock","13":"shipping-taxable","14":"purchasable","15":"product-type-simple"},"_links":{"self":[{"href":"https:\/\/silk-pajamas.com\/es\/wp-json\/wp\/v2\/product\/882","targetHints":{"allow":["GET"]}}],"collection":[{"href":"https:\/\/silk-pajamas.com\/es\/wp-json\/wp\/v2\/product"}],"about":[{"href":"https:\/\/silk-pajamas.com\/es\/wp-json\/wp\/v2\/types\/product"}],"wp:featuredmedia":[{"embeddable":true,"href":"https:\/\/silk-pajamas.com\/es\/wp-json\/wp\/v2\/media\/1517"}],"wp:attachment":[{"href":"https:\/\/silk-pajamas.com\/es\/wp-json\/wp\/v2\/media?parent=882"}],"wp:term":[{"taxonomy":"product_brand","embeddable":true,"href":"https:\/\/silk-pajamas.com\/es\/wp-json\/wp\/v2\/product_brand?post=882"},{"taxonomy":"product_cat","embeddable":true,"href":"https:\/\/silk-pajamas.com\/es\/wp-json\/wp\/v2\/product_cat?post=882"},{"taxonomy":"product_tag","embeddable":true,"href":"https:\/\/silk-pajamas.com\/es\/wp-json\/wp\/v2\/product_tag?post=882"}],"curies":[{"name":"wp","href":"https:\/\/api.w.org\/{rel}","templated":true}]}}