{"id":884,"date":"2026-04-12T15:43:38","date_gmt":"2026-04-12T15:43:38","guid":{"rendered":"https:\/\/silk-pajamas.com\/22-momme-crepe-silk-blouse-bow-collar-ivory-manufacturer\/"},"modified":"2026-04-19T07:09:14","modified_gmt":"2026-04-19T07:09:14","slug":"22-momme-crepe-silk-blouse-bow-collar-ivory-manufacturer","status":"publish","type":"product","link":"https:\/\/silk-pajamas.com\/es\/22-momme-crepe-silk-blouse-bow-collar-ivory-manufacturer\/","title":{"rendered":"22 Momme Crepe Seda Blusa Lazo Cuello Marfil Fabricante"},"content":{"rendered":"<p>Esta blusa de seda est\u00e1 confeccionada en crep\u00e9 de seda 22 momme en tono marfil. Presenta cuello de lazo, tacto suave y ca\u00edda c\u00f3moda para la mujer. Admite tallas personalizadas y es ideal para llevar en verano, como regalo o para el d\u00eda a d\u00eda. Lavar a mano en fr\u00edo o en ciclo delicado.<\/p>","protected":false},"excerpt":{"rendered":"<p>22 Momme Crepe blusa de seda en marfil. Acabado con cuello lazo, tacto transpirable y tallaje personalizado. Dise\u00f1ada para la mujer.<\/p>","protected":false},"featured_media":1526,"template":"","meta":{"_gspb_post_css":""},"product_brand":[],"product_cat":[27],"product_tag":[798,799,800],"class_list":{"0":"post-884","1":"product","2":"type-product","3":"status-publish","4":"has-post-thumbnail","6":"product_cat-silk-shirts-blouses","7":"product_tag-22-momme-silk-blouse-ivory","8":"product_tag-crepe-silk-blouse-bow-collar","9":"product_tag-factory-silk-blouse-for-women","11":"first","12":"instock","13":"shipping-taxable","14":"purchasable","15":"product-type-simple"},"_links":{"self":[{"href":"https:\/\/silk-pajamas.com\/es\/wp-json\/wp\/v2\/product\/884","targetHints":{"allow":["GET"]}}],"collection":[{"href":"https:\/\/silk-pajamas.com\/es\/wp-json\/wp\/v2\/product"}],"about":[{"href":"https:\/\/silk-pajamas.com\/es\/wp-json\/wp\/v2\/types\/product"}],"wp:featuredmedia":[{"embeddable":true,"href":"https:\/\/silk-pajamas.com\/es\/wp-json\/wp\/v2\/media\/1526"}],"wp:attachment":[{"href":"https:\/\/silk-pajamas.com\/es\/wp-json\/wp\/v2\/media?parent=884"}],"wp:term":[{"taxonomy":"product_brand","embeddable":true,"href":"https:\/\/silk-pajamas.com\/es\/wp-json\/wp\/v2\/product_brand?post=884"},{"taxonomy":"product_cat","embeddable":true,"href":"https:\/\/silk-pajamas.com\/es\/wp-json\/wp\/v2\/product_cat?post=884"},{"taxonomy":"product_tag","embeddable":true,"href":"https:\/\/silk-pajamas.com\/es\/wp-json\/wp\/v2\/product_tag?post=884"}],"curies":[{"name":"wp","href":"https:\/\/api.w.org\/{rel}","templated":true}]}}