{"id":885,"date":"2026-04-12T15:43:38","date_gmt":"2026-04-12T15:43:38","guid":{"rendered":"https:\/\/silk-pajamas.com\/19-momme-sandwashed-mulberry-silk-blouse-bow-collar-floral\/"},"modified":"2026-04-19T07:11:25","modified_gmt":"2026-04-19T07:11:25","slug":"19-momme-sandwashed-mulberry-silk-blouse-bow-collar-floral","status":"publish","type":"product","link":"https:\/\/silk-pajamas.com\/es\/19-momme-sandwashed-mulberry-silk-blouse-bow-collar-floral\/","title":{"rendered":"19 Momme Sandwashed Mulberry Silk Blouse Bow Collar Floral"},"content":{"rendered":"<p>Esta blusa de seda est\u00e1 confeccionada en seda jaspeada 19 momme en tono floral. Presenta cuello de lazo, tacto suave y ca\u00edda c\u00f3moda para armarios c\u00e1psula. Este modelo es compatible con las tallas XL, XXL, 3XL y 4XL y es ideal para el verano, para regalar o para el d\u00eda a d\u00eda. Lavar a mano en fr\u00edo o en ciclo delicado.<\/p>","protected":false},"excerpt":{"rendered":"<p>19 Momme Blusa de seda Sandwashed en Floral. Acabado con cuello lazo, tacto transpirable y tallas XL, XXL, 3XL, 4XL. Dise\u00f1ada para armarios c\u00e1psula.<\/p>","protected":false},"featured_media":1531,"template":"","meta":{"_gspb_post_css":""},"product_brand":[],"product_cat":[27],"product_tag":[801,803,802],"class_list":{"0":"post-885","1":"product","2":"type-product","3":"status-publish","4":"has-post-thumbnail","6":"product_cat-silk-shirts-blouses","7":"product_tag-19-momme-silk-blouse-floral","8":"product_tag-manufacturer-silk-blouse-for-capsule-wardrobes","9":"product_tag-sandwashed-silk-blouse-bow-collar","11":"first","12":"instock","13":"shipping-taxable","14":"purchasable","15":"product-type-simple"},"_links":{"self":[{"href":"https:\/\/silk-pajamas.com\/es\/wp-json\/wp\/v2\/product\/885","targetHints":{"allow":["GET"]}}],"collection":[{"href":"https:\/\/silk-pajamas.com\/es\/wp-json\/wp\/v2\/product"}],"about":[{"href":"https:\/\/silk-pajamas.com\/es\/wp-json\/wp\/v2\/types\/product"}],"wp:featuredmedia":[{"embeddable":true,"href":"https:\/\/silk-pajamas.com\/es\/wp-json\/wp\/v2\/media\/1531"}],"wp:attachment":[{"href":"https:\/\/silk-pajamas.com\/es\/wp-json\/wp\/v2\/media?parent=885"}],"wp:term":[{"taxonomy":"product_brand","embeddable":true,"href":"https:\/\/silk-pajamas.com\/es\/wp-json\/wp\/v2\/product_brand?post=885"},{"taxonomy":"product_cat","embeddable":true,"href":"https:\/\/silk-pajamas.com\/es\/wp-json\/wp\/v2\/product_cat?post=885"},{"taxonomy":"product_tag","embeddable":true,"href":"https:\/\/silk-pajamas.com\/es\/wp-json\/wp\/v2\/product_tag?post=885"}],"curies":[{"name":"wp","href":"https:\/\/api.w.org\/{rel}","templated":true}]}}