{"id":886,"date":"2026-04-12T15:43:38","date_gmt":"2026-04-12T15:43:38","guid":{"rendered":"https:\/\/silk-pajamas.com\/16-momme-crepe-mulberry-silk-blouse-button-down-navy\/"},"modified":"2026-04-19T07:13:32","modified_gmt":"2026-04-19T07:13:32","slug":"16-momme-crepe-mulberry-silk-blouse-button-down-navy","status":"publish","type":"product","link":"https:\/\/silk-pajamas.com\/es\/16-momme-crepe-mulberry-silk-blouse-button-down-navy\/","title":{"rendered":"16 Momme Crepe Mulberry Silk Blusa Button Down Azul Marino"},"content":{"rendered":"<p>Confeccionada en crep\u00e9 de seda 16 momme, esta blusa de seda ofrece una ca\u00edda suave, un tacto agradable y un movimiento elegante. La confecci\u00f3n con botones y el color azul marino le confieren un aspecto refinado para armarios c\u00e1psula. Disponible en XL, XXL, 3XL y 4XL. Lavar a mano en fr\u00edo o en ciclo delicado.<\/p>","protected":false},"excerpt":{"rendered":"<p>16 Momme Crepe blusa de seda en azul marino. Acabado con botones, suave ca\u00edda y tallas XL, XXL, 3XL, 4XL. Dise\u00f1ada para armarios c\u00e1psula.<\/p>","protected":false},"featured_media":1537,"template":"","meta":{"_gspb_post_css":""},"product_brand":[],"product_cat":[27],"product_tag":[804,805,803],"class_list":{"0":"post-886","1":"product","2":"type-product","3":"status-publish","4":"has-post-thumbnail","6":"product_cat-silk-shirts-blouses","7":"product_tag-16-momme-silk-blouse-navy","8":"product_tag-crepe-silk-blouse-button-down","9":"product_tag-manufacturer-silk-blouse-for-capsule-wardrobes","11":"first","12":"instock","13":"featured","14":"shipping-taxable","15":"purchasable","16":"product-type-simple"},"_links":{"self":[{"href":"https:\/\/silk-pajamas.com\/es\/wp-json\/wp\/v2\/product\/886","targetHints":{"allow":["GET"]}}],"collection":[{"href":"https:\/\/silk-pajamas.com\/es\/wp-json\/wp\/v2\/product"}],"about":[{"href":"https:\/\/silk-pajamas.com\/es\/wp-json\/wp\/v2\/types\/product"}],"wp:featuredmedia":[{"embeddable":true,"href":"https:\/\/silk-pajamas.com\/es\/wp-json\/wp\/v2\/media\/1537"}],"wp:attachment":[{"href":"https:\/\/silk-pajamas.com\/es\/wp-json\/wp\/v2\/media?parent=886"}],"wp:term":[{"taxonomy":"product_brand","embeddable":true,"href":"https:\/\/silk-pajamas.com\/es\/wp-json\/wp\/v2\/product_brand?post=886"},{"taxonomy":"product_cat","embeddable":true,"href":"https:\/\/silk-pajamas.com\/es\/wp-json\/wp\/v2\/product_cat?post=886"},{"taxonomy":"product_tag","embeddable":true,"href":"https:\/\/silk-pajamas.com\/es\/wp-json\/wp\/v2\/product_tag?post=886"}],"curies":[{"name":"wp","href":"https:\/\/api.w.org\/{rel}","templated":true}]}}