{"id":890,"date":"2026-04-12T15:43:39","date_gmt":"2026-04-12T15:43:39","guid":{"rendered":"https:\/\/silk-pajamas.com\/25-momme-mulberry-silk-shirt-long-sleeve-floral\/"},"modified":"2026-04-19T06:32:25","modified_gmt":"2026-04-19T06:32:25","slug":"25-momme-mulberry-silk-shirt-long-sleeve-floral","status":"publish","type":"product","link":"https:\/\/silk-pajamas.com\/es\/25-momme-mulberry-silk-shirt-long-sleeve-floral\/","title":{"rendered":"25 Momme Mulberry Camisa de Seda de Manga Larga Floral"},"content":{"rendered":"<p>Esta blusa de seda est\u00e1 confeccionada en seda de morera 25 momme en tono floral. Presenta manga larga, tacto suave y ca\u00edda c\u00f3moda para armarios c\u00e1psula. Admite las tallas XL, XXL, 3XL y 4XL y es ideal para llevar en oto\u00f1o, para regalar o para el d\u00eda a d\u00eda. Lavar a mano en fr\u00edo o en ciclo delicado.<\/p>","protected":false},"excerpt":{"rendered":"<p>25 Momme Mulberry blusa de seda en Floral. Acabado de manga larga, tacto ligero y tallas XL, XXL, 3XL, 4XL. Dise\u00f1ada para armarios c\u00e1psula.<\/p>","protected":false},"featured_media":1388,"template":"","meta":{"_gspb_post_css":""},"product_brand":[],"product_cat":[27],"product_tag":[815,803,816],"class_list":{"0":"post-890","1":"product","2":"type-product","3":"status-publish","4":"has-post-thumbnail","6":"product_cat-silk-shirts-blouses","7":"product_tag-25-momme-silk-blouse-floral","8":"product_tag-manufacturer-silk-blouse-for-capsule-wardrobes","9":"product_tag-mulberry-silk-blouse-long-sleeve","11":"first","12":"instock","13":"shipping-taxable","14":"purchasable","15":"product-type-simple"},"_links":{"self":[{"href":"https:\/\/silk-pajamas.com\/es\/wp-json\/wp\/v2\/product\/890","targetHints":{"allow":["GET"]}}],"collection":[{"href":"https:\/\/silk-pajamas.com\/es\/wp-json\/wp\/v2\/product"}],"about":[{"href":"https:\/\/silk-pajamas.com\/es\/wp-json\/wp\/v2\/types\/product"}],"wp:featuredmedia":[{"embeddable":true,"href":"https:\/\/silk-pajamas.com\/es\/wp-json\/wp\/v2\/media\/1388"}],"wp:attachment":[{"href":"https:\/\/silk-pajamas.com\/es\/wp-json\/wp\/v2\/media?parent=890"}],"wp:term":[{"taxonomy":"product_brand","embeddable":true,"href":"https:\/\/silk-pajamas.com\/es\/wp-json\/wp\/v2\/product_brand?post=890"},{"taxonomy":"product_cat","embeddable":true,"href":"https:\/\/silk-pajamas.com\/es\/wp-json\/wp\/v2\/product_cat?post=890"},{"taxonomy":"product_tag","embeddable":true,"href":"https:\/\/silk-pajamas.com\/es\/wp-json\/wp\/v2\/product_tag?post=890"}],"curies":[{"name":"wp","href":"https:\/\/api.w.org\/{rel}","templated":true}]}}