{"id":891,"date":"2026-04-12T15:43:39","date_gmt":"2026-04-12T15:43:39","guid":{"rendered":"https:\/\/silk-pajamas.com\/25-momme-crepe-silk-shirt-relaxed-fit-wine-supplier\/"},"modified":"2026-04-19T06:34:27","modified_gmt":"2026-04-19T06:34:27","slug":"25-momme-crepe-silk-shirt-relaxed-fit-wine-supplier","status":"publish","type":"product","link":"https:\/\/silk-pajamas.com\/es\/25-momme-crepe-silk-shirt-relaxed-fit-wine-supplier\/","title":{"rendered":"25 Momme Camisa Crepe Seda Calce Relajado Proveedor Vino"},"content":{"rendered":"<p>Esta blusa de seda est\u00e1 confeccionada en crep\u00e9 de seda 25 momme en tono vino. Presenta un corte relajado, un tacto suave y una ca\u00edda c\u00f3moda para armarios c\u00e1psula. Admite tallas personalizadas y es ideal para llevar en oto\u00f1o, para regalar o para el d\u00eda a d\u00eda. Lavar a mano en fr\u00edo o en ciclo delicado.<\/p>","protected":false},"excerpt":{"rendered":"<p>Blusa 25 Momme Crepe de seda en color Vino. Acabado Relaxed Fit, tacto resistente a las arrugas y gama de tallas Custom. Dise\u00f1ada para armarios c\u00e1psula.<\/p>","protected":false},"featured_media":1463,"template":"","meta":{"_gspb_post_css":""},"product_brand":[],"product_cat":[27],"product_tag":[817,818,797],"class_list":{"0":"post-891","1":"product","2":"type-product","3":"status-publish","4":"has-post-thumbnail","6":"product_cat-silk-shirts-blouses","7":"product_tag-25-momme-silk-blouse-wine","8":"product_tag-crepe-silk-blouse-relaxed-fit","9":"product_tag-wholesale-silk-blouse-for-capsule-wardrobes","11":"first","12":"instock","13":"featured","14":"shipping-taxable","15":"purchasable","16":"product-type-simple"},"_links":{"self":[{"href":"https:\/\/silk-pajamas.com\/es\/wp-json\/wp\/v2\/product\/891","targetHints":{"allow":["GET"]}}],"collection":[{"href":"https:\/\/silk-pajamas.com\/es\/wp-json\/wp\/v2\/product"}],"about":[{"href":"https:\/\/silk-pajamas.com\/es\/wp-json\/wp\/v2\/types\/product"}],"wp:featuredmedia":[{"embeddable":true,"href":"https:\/\/silk-pajamas.com\/es\/wp-json\/wp\/v2\/media\/1463"}],"wp:attachment":[{"href":"https:\/\/silk-pajamas.com\/es\/wp-json\/wp\/v2\/media?parent=891"}],"wp:term":[{"taxonomy":"product_brand","embeddable":true,"href":"https:\/\/silk-pajamas.com\/es\/wp-json\/wp\/v2\/product_brand?post=891"},{"taxonomy":"product_cat","embeddable":true,"href":"https:\/\/silk-pajamas.com\/es\/wp-json\/wp\/v2\/product_cat?post=891"},{"taxonomy":"product_tag","embeddable":true,"href":"https:\/\/silk-pajamas.com\/es\/wp-json\/wp\/v2\/product_tag?post=891"}],"curies":[{"name":"wp","href":"https:\/\/api.w.org\/{rel}","templated":true}]}}