{"id":901,"date":"2026-04-12T15:43:40","date_gmt":"2026-04-12T15:43:40","guid":{"rendered":"https:\/\/silk-pajamas.com\/16-momme-charmeuse-mulberry-silk-blouse-relaxed-fit-coffee\/"},"modified":"2026-04-19T03:10:52","modified_gmt":"2026-04-19T03:10:52","slug":"16-momme-charmeuse-mulberry-silk-blouse-relaxed-fit-coffee","status":"publish","type":"product","link":"https:\/\/silk-pajamas.com\/es\/16-momme-charmeuse-mulberry-silk-blouse-relaxed-fit-coffee\/","title":{"rendered":"16 Momme Charmeuse Blusa de seda Mulberry Calce relajado Caf\u00e9"},"content":{"rendered":"<p>Esta blusa de seda est\u00e1 confeccionada en 16 seda momme charmeuse en tono caf\u00e9. Presenta un corte relajado, un tacto suave y una ca\u00edda c\u00f3moda para conjuntos de oficina. Admite las tallas XL, XXL, 3XL y 4XL y es ideal para llevar en verano, para regalar o para el d\u00eda a d\u00eda. Lavar a mano en fr\u00edo o en ciclo delicado.<\/p>","protected":false},"excerpt":{"rendered":"<p>16 Blusa Momme Charmeuse de seda en color Coffee. Acabado Relaxed Fit, tacto resistente a las arrugas y tallas XL, XXL, 3XL, 4XL. Dise\u00f1ada para conjuntos de oficina.<\/p>","protected":false},"featured_media":1412,"template":"","meta":{"_gspb_post_css":""},"product_brand":[],"product_cat":[27],"product_tag":[832,820,828],"class_list":{"0":"post-901","1":"product","2":"type-product","3":"status-publish","4":"has-post-thumbnail","6":"product_cat-silk-shirts-blouses","7":"product_tag-16-momme-silk-blouse-coffee","8":"product_tag-charmeuse-silk-blouse-relaxed-fit","9":"product_tag-factory-silk-blouse-for-office-outfits","11":"first","12":"instock","13":"featured","14":"shipping-taxable","15":"purchasable","16":"product-type-simple"},"_links":{"self":[{"href":"https:\/\/silk-pajamas.com\/es\/wp-json\/wp\/v2\/product\/901","targetHints":{"allow":["GET"]}}],"collection":[{"href":"https:\/\/silk-pajamas.com\/es\/wp-json\/wp\/v2\/product"}],"about":[{"href":"https:\/\/silk-pajamas.com\/es\/wp-json\/wp\/v2\/types\/product"}],"wp:featuredmedia":[{"embeddable":true,"href":"https:\/\/silk-pajamas.com\/es\/wp-json\/wp\/v2\/media\/1412"}],"wp:attachment":[{"href":"https:\/\/silk-pajamas.com\/es\/wp-json\/wp\/v2\/media?parent=901"}],"wp:term":[{"taxonomy":"product_brand","embeddable":true,"href":"https:\/\/silk-pajamas.com\/es\/wp-json\/wp\/v2\/product_brand?post=901"},{"taxonomy":"product_cat","embeddable":true,"href":"https:\/\/silk-pajamas.com\/es\/wp-json\/wp\/v2\/product_cat?post=901"},{"taxonomy":"product_tag","embeddable":true,"href":"https:\/\/silk-pajamas.com\/es\/wp-json\/wp\/v2\/product_tag?post=901"}],"curies":[{"name":"wp","href":"https:\/\/api.w.org\/{rel}","templated":true}]}}