{"id":904,"date":"2026-04-12T15:43:40","date_gmt":"2026-04-12T15:43:40","guid":{"rendered":"https:\/\/silk-pajamas.com\/25-momme-crepe-silk-skirt-bias-cut-sage-wholesale\/"},"modified":"2026-04-19T03:18:36","modified_gmt":"2026-04-19T03:18:36","slug":"25-momme-crepe-silk-skirt-bias-cut-sage-wholesale","status":"publish","type":"product","link":"https:\/\/silk-pajamas.com\/es\/25-momme-crepe-silk-skirt-bias-cut-sage-wholesale\/","title":{"rendered":"25 Momme Falda Crepe Seda Corte Al Bies Salvia Mayorista"},"content":{"rendered":"<p>Confeccionada en crep\u00e9 de seda 25 momme, esta falda de seda combina el detalle del corte al bies con un brillo suave y un tacto transpirable. El acabado salvia le confiere un aspecto refinado, mientras que las tallas S, M, L, XL, XXL ayudan a cubrir la demanda b\u00e1sica. Adecuada para conjuntos de oficina y armarios primaverales. Lavar a mano en fr\u00edo o en ciclo delicado.<\/p>","protected":false},"excerpt":{"rendered":"<p>25 Momme Falda de crep\u00e9 de seda en color Sage. Acabado Bias Cut, tacto de ca\u00edda suave y tallas S, M, L, XL, XXL. Dise\u00f1ada para conjuntos de oficina.<\/p>","protected":false},"featured_media":1434,"template":"","meta":{"_gspb_post_css":""},"product_brand":[],"product_cat":[32],"product_tag":[839,840,838],"class_list":{"0":"post-904","1":"product","2":"type-product","3":"status-publish","4":"has-post-thumbnail","6":"product_cat-silk-skirts","7":"product_tag-25-momme-silk-skirt-sage","8":"product_tag-crepe-silk-skirt-bias-cut","9":"product_tag-supplier-silk-skirt-for-office-outfits","11":"first","12":"instock","13":"shipping-taxable","14":"purchasable","15":"product-type-simple"},"_links":{"self":[{"href":"https:\/\/silk-pajamas.com\/es\/wp-json\/wp\/v2\/product\/904","targetHints":{"allow":["GET"]}}],"collection":[{"href":"https:\/\/silk-pajamas.com\/es\/wp-json\/wp\/v2\/product"}],"about":[{"href":"https:\/\/silk-pajamas.com\/es\/wp-json\/wp\/v2\/types\/product"}],"wp:featuredmedia":[{"embeddable":true,"href":"https:\/\/silk-pajamas.com\/es\/wp-json\/wp\/v2\/media\/1434"}],"wp:attachment":[{"href":"https:\/\/silk-pajamas.com\/es\/wp-json\/wp\/v2\/media?parent=904"}],"wp:term":[{"taxonomy":"product_brand","embeddable":true,"href":"https:\/\/silk-pajamas.com\/es\/wp-json\/wp\/v2\/product_brand?post=904"},{"taxonomy":"product_cat","embeddable":true,"href":"https:\/\/silk-pajamas.com\/es\/wp-json\/wp\/v2\/product_cat?post=904"},{"taxonomy":"product_tag","embeddable":true,"href":"https:\/\/silk-pajamas.com\/es\/wp-json\/wp\/v2\/product_tag?post=904"}],"curies":[{"name":"wp","href":"https:\/\/api.w.org\/{rel}","templated":true}]}}