{"id":907,"date":"2026-04-12T15:43:41","date_gmt":"2026-04-12T15:43:41","guid":{"rendered":"https:\/\/silk-pajamas.com\/19-momme-sandwashed-mulberry-silk-skirt-midi-navy\/"},"modified":"2026-04-17T03:30:26","modified_gmt":"2026-04-17T03:30:26","slug":"19-momme-sandwashed-mulberry-silk-skirt-midi-navy","status":"publish","type":"product","link":"https:\/\/silk-pajamas.com\/es\/19-momme-sandwashed-mulberry-silk-skirt-midi-navy\/","title":{"rendered":"19 Momme Sandwashed Mulberry Falda de Seda Midi Azul Marino"},"content":{"rendered":"<p>Confeccionada en seda 19 momme arenada, esta falda de seda combina el detalle midi con un brillo suave y un tacto transpirable. El acabado azul marino le confiere un aspecto refinado, mientras que las tallas Custom ayudan a cubrir la demanda b\u00e1sica. Adecuada para armarios c\u00e1psula y armarios de primavera. Lavar a mano en fr\u00edo o en ciclo delicado.<\/p>","protected":false},"excerpt":{"rendered":"<p>19 Momme Falda de seda Sandwashed en azul marino. Acabado midi, tacto ligero y tallaje personalizado. Dise\u00f1ada para armarios c\u00e1psula.<\/p>","protected":false},"featured_media":1335,"template":"","meta":{"_gspb_post_css":""},"product_brand":[],"product_cat":[32],"product_tag":[847,848,849],"class_list":{"0":"post-907","1":"product","2":"type-product","3":"status-publish","4":"has-post-thumbnail","6":"product_cat-silk-skirts","7":"product_tag-19-momme-silk-skirt-navy","8":"product_tag-sandwashed-silk-skirt-midi","9":"product_tag-vendor-silk-skirt-for-capsule-wardrobes","11":"first","12":"instock","13":"featured","14":"shipping-taxable","15":"purchasable","16":"product-type-simple"},"_links":{"self":[{"href":"https:\/\/silk-pajamas.com\/es\/wp-json\/wp\/v2\/product\/907","targetHints":{"allow":["GET"]}}],"collection":[{"href":"https:\/\/silk-pajamas.com\/es\/wp-json\/wp\/v2\/product"}],"about":[{"href":"https:\/\/silk-pajamas.com\/es\/wp-json\/wp\/v2\/types\/product"}],"wp:featuredmedia":[{"embeddable":true,"href":"https:\/\/silk-pajamas.com\/es\/wp-json\/wp\/v2\/media\/1335"}],"wp:attachment":[{"href":"https:\/\/silk-pajamas.com\/es\/wp-json\/wp\/v2\/media?parent=907"}],"wp:term":[{"taxonomy":"product_brand","embeddable":true,"href":"https:\/\/silk-pajamas.com\/es\/wp-json\/wp\/v2\/product_brand?post=907"},{"taxonomy":"product_cat","embeddable":true,"href":"https:\/\/silk-pajamas.com\/es\/wp-json\/wp\/v2\/product_cat?post=907"},{"taxonomy":"product_tag","embeddable":true,"href":"https:\/\/silk-pajamas.com\/es\/wp-json\/wp\/v2\/product_tag?post=907"}],"curies":[{"name":"wp","href":"https:\/\/api.w.org\/{rel}","templated":true}]}}