{"id":908,"date":"2026-04-12T15:43:41","date_gmt":"2026-04-12T15:43:41","guid":{"rendered":"https:\/\/silk-pajamas.com\/16-momme-sandwashed-mulberry-silk-skirt-midi-blush\/"},"modified":"2026-04-17T03:31:33","modified_gmt":"2026-04-17T03:31:33","slug":"16-momme-sandwashed-mulberry-silk-skirt-midi-blush","status":"publish","type":"product","link":"https:\/\/silk-pajamas.com\/es\/16-momme-sandwashed-mulberry-silk-skirt-midi-blush\/","title":{"rendered":"16 Momme Sandwashed Mulberry Falda de seda Midi Blush"},"content":{"rendered":"<p>Confeccionada en seda jaspeada 16 momme, esta falda de seda combina el detalle midi con un brillo suave y un tacto transpirable. El acabado rubor le confiere un aspecto refinado, mientras que las tallas S, M, L, XL, XXL ayudan a cubrir la demanda b\u00e1sica. Adecuada para armarios c\u00e1psula y armarios de oto\u00f1o. Lavar a mano en fr\u00edo o en ciclo delicado.<\/p>","protected":false},"excerpt":{"rendered":"<p>16 Momme Falda de seda Sandwashed en Blush. Acabado midi, tacto transpirable y tallas S, M, L, XL, XXL. Dise\u00f1ada para armarios c\u00e1psula.<\/p>","protected":false},"featured_media":1340,"template":"","meta":{"_gspb_post_css":""},"product_brand":[],"product_cat":[32],"product_tag":[850,851,848],"class_list":{"0":"post-908","1":"product","2":"type-product","3":"status-publish","4":"has-post-thumbnail","6":"product_cat-silk-skirts","7":"product_tag-16-momme-silk-skirt-blush","8":"product_tag-manufacturer-silk-skirt-for-capsule-wardrobes","9":"product_tag-sandwashed-silk-skirt-midi","11":"first","12":"instock","13":"shipping-taxable","14":"purchasable","15":"product-type-simple"},"_links":{"self":[{"href":"https:\/\/silk-pajamas.com\/es\/wp-json\/wp\/v2\/product\/908","targetHints":{"allow":["GET"]}}],"collection":[{"href":"https:\/\/silk-pajamas.com\/es\/wp-json\/wp\/v2\/product"}],"about":[{"href":"https:\/\/silk-pajamas.com\/es\/wp-json\/wp\/v2\/types\/product"}],"wp:featuredmedia":[{"embeddable":true,"href":"https:\/\/silk-pajamas.com\/es\/wp-json\/wp\/v2\/media\/1340"}],"wp:attachment":[{"href":"https:\/\/silk-pajamas.com\/es\/wp-json\/wp\/v2\/media?parent=908"}],"wp:term":[{"taxonomy":"product_brand","embeddable":true,"href":"https:\/\/silk-pajamas.com\/es\/wp-json\/wp\/v2\/product_brand?post=908"},{"taxonomy":"product_cat","embeddable":true,"href":"https:\/\/silk-pajamas.com\/es\/wp-json\/wp\/v2\/product_cat?post=908"},{"taxonomy":"product_tag","embeddable":true,"href":"https:\/\/silk-pajamas.com\/es\/wp-json\/wp\/v2\/product_tag?post=908"}],"curies":[{"name":"wp","href":"https:\/\/api.w.org\/{rel}","templated":true}]}}