{"id":916,"date":"2026-04-12T15:43:41","date_gmt":"2026-04-12T15:43:41","guid":{"rendered":"https:\/\/silk-pajamas.com\/22-momme-charmeuse-silk-skirt-maxi-blush-manufacturer\/"},"modified":"2026-04-18T06:24:56","modified_gmt":"2026-04-18T06:24:56","slug":"22-momme-charmeuse-silk-skirt-maxi-blush-manufacturer","status":"publish","type":"product","link":"https:\/\/silk-pajamas.com\/es\/22-momme-charmeuse-silk-skirt-maxi-blush-manufacturer\/","title":{"rendered":"22 Momme Charmeuse Falda Seda Maxi Blush Fabricante"},"content":{"rendered":"<p>Esta falda de seda est\u00e1 confeccionada en seda charmeuse 22 momme en tono rubor. Tiene un corte maxi, un tacto suave y una ca\u00edda c\u00f3moda para la mujer. Admite tallas personalizadas y es ideal para llevar en verano, para regalar o para el d\u00eda a d\u00eda. Lavar a mano en fr\u00edo o en ciclo delicado.<\/p>","protected":false},"excerpt":{"rendered":"<p>Falda de seda Momme Charmeuse 22 en Blush. Acabado maxi, tacto transpirable y tallaje personalizado. Dise\u00f1ada para la mujer.<\/p>","protected":false},"featured_media":1330,"template":"","meta":{"_gspb_post_css":""},"product_brand":[],"product_cat":[32],"product_tag":[869,870,871],"class_list":{"0":"post-916","1":"product","2":"type-product","3":"status-publish","4":"has-post-thumbnail","6":"product_cat-silk-skirts","7":"product_tag-22-momme-silk-skirt-blush","8":"product_tag-charmeuse-silk-skirt-maxi","9":"product_tag-factory-silk-skirt-for-women","11":"first","12":"instock","13":"shipping-taxable","14":"purchasable","15":"product-type-simple"},"_links":{"self":[{"href":"https:\/\/silk-pajamas.com\/es\/wp-json\/wp\/v2\/product\/916","targetHints":{"allow":["GET"]}}],"collection":[{"href":"https:\/\/silk-pajamas.com\/es\/wp-json\/wp\/v2\/product"}],"about":[{"href":"https:\/\/silk-pajamas.com\/es\/wp-json\/wp\/v2\/types\/product"}],"wp:featuredmedia":[{"embeddable":true,"href":"https:\/\/silk-pajamas.com\/es\/wp-json\/wp\/v2\/media\/1330"}],"wp:attachment":[{"href":"https:\/\/silk-pajamas.com\/es\/wp-json\/wp\/v2\/media?parent=916"}],"wp:term":[{"taxonomy":"product_brand","embeddable":true,"href":"https:\/\/silk-pajamas.com\/es\/wp-json\/wp\/v2\/product_brand?post=916"},{"taxonomy":"product_cat","embeddable":true,"href":"https:\/\/silk-pajamas.com\/es\/wp-json\/wp\/v2\/product_cat?post=916"},{"taxonomy":"product_tag","embeddable":true,"href":"https:\/\/silk-pajamas.com\/es\/wp-json\/wp\/v2\/product_tag?post=916"}],"curies":[{"name":"wp","href":"https:\/\/api.w.org\/{rel}","templated":true}]}}