{"id":917,"date":"2026-04-12T15:43:41","date_gmt":"2026-04-12T15:43:41","guid":{"rendered":"https:\/\/silk-pajamas.com\/19-momme-mulberry-silk-skirt-bias-cut-rose\/"},"modified":"2026-04-18T06:25:40","modified_gmt":"2026-04-18T06:25:40","slug":"19-momme-mulberry-silk-skirt-bias-cut-rose","status":"publish","type":"product","link":"https:\/\/silk-pajamas.com\/es\/19-momme-mulberry-silk-skirt-bias-cut-rose\/","title":{"rendered":"19 Momme Mulberry Falda de seda Bias Cut Rosa"},"content":{"rendered":"<p>Confeccionada con seda de morera 19 momme, esta falda de seda ofrece un tacto transpirable y suave y un movimiento elegante. La construcci\u00f3n de corte al bies y el color rosa mantienen el look pulido para armarios c\u00e1psula. Disponible en Custom. Lavar a mano en fr\u00edo o en ciclo delicado.<\/p>","protected":false},"excerpt":{"rendered":"<p>19 Momme Mulberry falda de seda en Rose. Acabado Bias Cut, tacto transpirable y gama de tallas Custom. Dise\u00f1ada para armarios c\u00e1psula.<\/p>","protected":false},"featured_media":1341,"template":"","meta":{"_gspb_post_css":""},"product_brand":[],"product_cat":[32],"product_tag":[872,874,873],"class_list":{"0":"post-917","1":"product","2":"type-product","3":"status-publish","4":"has-post-thumbnail","6":"product_cat-silk-skirts","7":"product_tag-19-momme-silk-skirt-rose","8":"product_tag-factory-silk-skirt-for-capsule-wardrobes","9":"product_tag-mulberry-silk-skirt-bias-cut","11":"first","12":"instock","13":"featured","14":"shipping-taxable","15":"purchasable","16":"product-type-simple"},"_links":{"self":[{"href":"https:\/\/silk-pajamas.com\/es\/wp-json\/wp\/v2\/product\/917","targetHints":{"allow":["GET"]}}],"collection":[{"href":"https:\/\/silk-pajamas.com\/es\/wp-json\/wp\/v2\/product"}],"about":[{"href":"https:\/\/silk-pajamas.com\/es\/wp-json\/wp\/v2\/types\/product"}],"wp:featuredmedia":[{"embeddable":true,"href":"https:\/\/silk-pajamas.com\/es\/wp-json\/wp\/v2\/media\/1341"}],"wp:attachment":[{"href":"https:\/\/silk-pajamas.com\/es\/wp-json\/wp\/v2\/media?parent=917"}],"wp:term":[{"taxonomy":"product_brand","embeddable":true,"href":"https:\/\/silk-pajamas.com\/es\/wp-json\/wp\/v2\/product_brand?post=917"},{"taxonomy":"product_cat","embeddable":true,"href":"https:\/\/silk-pajamas.com\/es\/wp-json\/wp\/v2\/product_cat?post=917"},{"taxonomy":"product_tag","embeddable":true,"href":"https:\/\/silk-pajamas.com\/es\/wp-json\/wp\/v2\/product_tag?post=917"}],"curies":[{"name":"wp","href":"https:\/\/api.w.org\/{rel}","templated":true}]}}