{"id":918,"date":"2026-04-12T15:43:41","date_gmt":"2026-04-12T15:43:41","guid":{"rendered":"https:\/\/silk-pajamas.com\/16-momme-crepe-silk-skirt-high-waist-blush\/"},"modified":"2026-04-18T06:27:06","modified_gmt":"2026-04-18T06:27:06","slug":"16-momme-crepe-silk-skirt-high-waist-blush","status":"publish","type":"product","link":"https:\/\/silk-pajamas.com\/es\/16-momme-crepe-silk-skirt-high-waist-blush\/","title":{"rendered":"16 Momme Falda Crepe Seda Cintura Alta Blush"},"content":{"rendered":"<p>Confeccionada en crep\u00e9 de seda 16 momme, esta falda de seda combina el detalle de cintura alta con un brillo suave y un tacto transpirable. El acabado rubor le confiere un aspecto refinado, mientras que las tallas S, M, L, XL, XXL ayudan a cubrir la demanda b\u00e1sica. Adecuado para ediciones de fiesta y armarios oto\u00f1ales. Lavar a mano en fr\u00edo o en ciclo delicado.<\/p>","protected":false},"excerpt":{"rendered":"<p>16 Momme Falda de crep\u00e9 de seda en color Blush. Acabado de cintura alta, tacto ligero y tallas S, M, L, XL, XXL. Dise\u00f1ada para ediciones de fiesta.<\/p>","protected":false},"featured_media":1377,"template":"","meta":{"_gspb_post_css":""},"product_brand":[],"product_cat":[32],"product_tag":[850,867,843],"class_list":{"0":"post-918","1":"product","2":"type-product","3":"status-publish","4":"has-post-thumbnail","6":"product_cat-silk-skirts","7":"product_tag-16-momme-silk-skirt-blush","8":"product_tag-crepe-silk-skirt-high-waist","9":"product_tag-vendor-silk-skirt-for-party-edits","11":"first","12":"instock","13":"shipping-taxable","14":"purchasable","15":"product-type-simple"},"_links":{"self":[{"href":"https:\/\/silk-pajamas.com\/es\/wp-json\/wp\/v2\/product\/918","targetHints":{"allow":["GET"]}}],"collection":[{"href":"https:\/\/silk-pajamas.com\/es\/wp-json\/wp\/v2\/product"}],"about":[{"href":"https:\/\/silk-pajamas.com\/es\/wp-json\/wp\/v2\/types\/product"}],"wp:featuredmedia":[{"embeddable":true,"href":"https:\/\/silk-pajamas.com\/es\/wp-json\/wp\/v2\/media\/1377"}],"wp:attachment":[{"href":"https:\/\/silk-pajamas.com\/es\/wp-json\/wp\/v2\/media?parent=918"}],"wp:term":[{"taxonomy":"product_brand","embeddable":true,"href":"https:\/\/silk-pajamas.com\/es\/wp-json\/wp\/v2\/product_brand?post=918"},{"taxonomy":"product_cat","embeddable":true,"href":"https:\/\/silk-pajamas.com\/es\/wp-json\/wp\/v2\/product_cat?post=918"},{"taxonomy":"product_tag","embeddable":true,"href":"https:\/\/silk-pajamas.com\/es\/wp-json\/wp\/v2\/product_tag?post=918"}],"curies":[{"name":"wp","href":"https:\/\/api.w.org\/{rel}","templated":true}]}}