{"id":922,"date":"2026-04-12T15:43:42","date_gmt":"2026-04-12T15:43:42","guid":{"rendered":"https:\/\/silk-pajamas.com\/16-momme-crepe-silk-t-shirt-v-neck-champagne-wholesale\/"},"modified":"2026-04-17T03:26:41","modified_gmt":"2026-04-17T03:26:41","slug":"16-momme-crepe-silk-t-shirt-v-neck-champagne-wholesale","status":"publish","type":"product","link":"https:\/\/silk-pajamas.com\/es\/16-momme-crepe-silk-t-shirt-v-neck-champagne-wholesale\/","title":{"rendered":"16 Momme Crepe Camiseta de Seda Cuello en V Champagne al por mayor"},"content":{"rendered":"<p>Confeccionada en crep\u00e9 de seda 16 momme, esta camiseta de seda combina el detalle del cuello de pico con un brillo suave y un tacto transpirable. El acabado champ\u00e1n le confiere un aspecto refinado, mientras que las tallas XS, S, M, L, XL ayudan a cubrir la demanda b\u00e1sica. Adecuada para el uso diario y los armarios de oto\u00f1o. Lavar a mano en fr\u00edo o en ciclo delicado.<\/p>","protected":false},"excerpt":{"rendered":"<p>Camiseta 16 Momme Crepe de seda en color champ\u00e1n. Acabado con cuello en V, tacto resistente a las arrugas y tallas XS, S, M, L, XL. Dise\u00f1ada para llevar a diario.<\/p>","protected":false},"featured_media":1334,"template":"","meta":{"_gspb_post_css":""},"product_brand":[],"product_cat":[28],"product_tag":[883,884,885],"class_list":{"0":"post-922","1":"product","2":"type-product","3":"status-publish","4":"has-post-thumbnail","6":"product_cat-silk-t-shirts","7":"product_tag-16-momme-silk-t-shirt-champagne","8":"product_tag-crepe-silk-t-shirt-v-neck","9":"product_tag-factory-silk-t-shirt-for-daily-wear","11":"first","12":"instock","13":"shipping-taxable","14":"purchasable","15":"product-type-simple"},"_links":{"self":[{"href":"https:\/\/silk-pajamas.com\/es\/wp-json\/wp\/v2\/product\/922","targetHints":{"allow":["GET"]}}],"collection":[{"href":"https:\/\/silk-pajamas.com\/es\/wp-json\/wp\/v2\/product"}],"about":[{"href":"https:\/\/silk-pajamas.com\/es\/wp-json\/wp\/v2\/types\/product"}],"wp:featuredmedia":[{"embeddable":true,"href":"https:\/\/silk-pajamas.com\/es\/wp-json\/wp\/v2\/media\/1334"}],"wp:attachment":[{"href":"https:\/\/silk-pajamas.com\/es\/wp-json\/wp\/v2\/media?parent=922"}],"wp:term":[{"taxonomy":"product_brand","embeddable":true,"href":"https:\/\/silk-pajamas.com\/es\/wp-json\/wp\/v2\/product_brand?post=922"},{"taxonomy":"product_cat","embeddable":true,"href":"https:\/\/silk-pajamas.com\/es\/wp-json\/wp\/v2\/product_cat?post=922"},{"taxonomy":"product_tag","embeddable":true,"href":"https:\/\/silk-pajamas.com\/es\/wp-json\/wp\/v2\/product_tag?post=922"}],"curies":[{"name":"wp","href":"https:\/\/api.w.org\/{rel}","templated":true}]}}