{"id":924,"date":"2026-04-12T15:43:43","date_gmt":"2026-04-12T15:43:43","guid":{"rendered":"https:\/\/silk-pajamas.com\/25-momme-sandwashed-mulberry-silk-tee-relaxed-fit-lilac\/"},"modified":"2026-04-17T02:51:27","modified_gmt":"2026-04-17T02:51:27","slug":"25-momme-sandwashed-mulberry-silk-tee-relaxed-fit-lilac","status":"publish","type":"product","link":"https:\/\/silk-pajamas.com\/es\/25-momme-sandwashed-mulberry-silk-tee-relaxed-fit-lilac\/","title":{"rendered":"25 Momme Sandwashed Mulberry Silk Tee Relaxed Fit Lila"},"content":{"rendered":"<p>Esta camiseta de seda est\u00e1 confeccionada en seda sandwashed de 25 momme en tono lila. Presenta un corte relajado, una sensaci\u00f3n suave al tacto y una ca\u00edda c\u00f3moda para el hombre. Este modelo es compatible con las tallas XS, S, M, L y XL y es ideal para llevar en oto\u00f1o, para regalar o para el d\u00eda a d\u00eda. Lavar a mano en fr\u00edo o en ciclo delicado.<\/p>","protected":false},"excerpt":{"rendered":"<p>25 Camiseta Momme Sandwashed de seda en color Lila. Acabado Relaxed Fit, tacto resistente a las arrugas y tallas XS, S, M, L, XL. Dise\u00f1ada para hombres.<\/p>","protected":false},"featured_media":1269,"template":"","meta":{"_gspb_post_css":""},"product_brand":[],"product_cat":[28],"product_tag":[889,890,891],"class_list":{"0":"post-924","1":"product","2":"type-product","3":"status-publish","4":"has-post-thumbnail","6":"product_cat-silk-t-shirts","7":"product_tag-25-momme-silk-t-shirt-lilac","8":"product_tag-sandwashed-silk-t-shirt-relaxed-fit","9":"product_tag-wholesale-silk-t-shirt-for-men","11":"first","12":"instock","13":"shipping-taxable","14":"purchasable","15":"product-type-simple"},"_links":{"self":[{"href":"https:\/\/silk-pajamas.com\/es\/wp-json\/wp\/v2\/product\/924","targetHints":{"allow":["GET"]}}],"collection":[{"href":"https:\/\/silk-pajamas.com\/es\/wp-json\/wp\/v2\/product"}],"about":[{"href":"https:\/\/silk-pajamas.com\/es\/wp-json\/wp\/v2\/types\/product"}],"wp:featuredmedia":[{"embeddable":true,"href":"https:\/\/silk-pajamas.com\/es\/wp-json\/wp\/v2\/media\/1269"}],"wp:attachment":[{"href":"https:\/\/silk-pajamas.com\/es\/wp-json\/wp\/v2\/media?parent=924"}],"wp:term":[{"taxonomy":"product_brand","embeddable":true,"href":"https:\/\/silk-pajamas.com\/es\/wp-json\/wp\/v2\/product_brand?post=924"},{"taxonomy":"product_cat","embeddable":true,"href":"https:\/\/silk-pajamas.com\/es\/wp-json\/wp\/v2\/product_cat?post=924"},{"taxonomy":"product_tag","embeddable":true,"href":"https:\/\/silk-pajamas.com\/es\/wp-json\/wp\/v2\/product_tag?post=924"}],"curies":[{"name":"wp","href":"https:\/\/api.w.org\/{rel}","templated":true}]}}