{"id":930,"date":"2026-04-12T15:43:43","date_gmt":"2026-04-12T15:43:43","guid":{"rendered":"https:\/\/silk-pajamas.com\/16-momme-charmeuse-silk-t-shirt-relaxed-fit-silver\/"},"modified":"2026-04-17T02:57:26","modified_gmt":"2026-04-17T02:57:26","slug":"16-momme-charmeuse-silk-t-shirt-relaxed-fit-silver","status":"publish","type":"product","link":"https:\/\/silk-pajamas.com\/es\/16-momme-charmeuse-silk-t-shirt-relaxed-fit-silver\/","title":{"rendered":"16 Momme Camiseta de seda Charmeuse Relaxed Fit Plata"},"content":{"rendered":"<p>Confeccionada en seda charmeuse 16 momme, esta camiseta de seda ofrece un tacto suave, una agradable sensaci\u00f3n en la piel y un movimiento elegante. El corte relajado y el color plateado le confieren un aspecto refinado para el d\u00eda a d\u00eda. Disponible en S, M, L, XL y XXL. Lavar a mano en fr\u00edo o en ciclo delicado.<\/p>","protected":false},"excerpt":{"rendered":"<p>Camiseta de seda Momme Charmeuse 16 en Silver. Acabado Relaxed Fit, tacto suave y tallas S, M, L, XL, XXL. Dise\u00f1ada para llevar a diario.<\/p>","protected":false},"featured_media":1314,"template":"","meta":{"_gspb_post_css":""},"product_brand":[],"product_cat":[28],"product_tag":[904,905,906],"class_list":{"0":"post-930","1":"product","2":"type-product","3":"status-publish","4":"has-post-thumbnail","6":"product_cat-silk-t-shirts","7":"product_tag-16-momme-silk-t-shirt-silver","8":"product_tag-charmeuse-silk-t-shirt-relaxed-fit","9":"product_tag-vendor-silk-t-shirt-for-daily-wear","11":"first","12":"instock","13":"shipping-taxable","14":"purchasable","15":"product-type-simple"},"_links":{"self":[{"href":"https:\/\/silk-pajamas.com\/es\/wp-json\/wp\/v2\/product\/930","targetHints":{"allow":["GET"]}}],"collection":[{"href":"https:\/\/silk-pajamas.com\/es\/wp-json\/wp\/v2\/product"}],"about":[{"href":"https:\/\/silk-pajamas.com\/es\/wp-json\/wp\/v2\/types\/product"}],"wp:featuredmedia":[{"embeddable":true,"href":"https:\/\/silk-pajamas.com\/es\/wp-json\/wp\/v2\/media\/1314"}],"wp:attachment":[{"href":"https:\/\/silk-pajamas.com\/es\/wp-json\/wp\/v2\/media?parent=930"}],"wp:term":[{"taxonomy":"product_brand","embeddable":true,"href":"https:\/\/silk-pajamas.com\/es\/wp-json\/wp\/v2\/product_brand?post=930"},{"taxonomy":"product_cat","embeddable":true,"href":"https:\/\/silk-pajamas.com\/es\/wp-json\/wp\/v2\/product_cat?post=930"},{"taxonomy":"product_tag","embeddable":true,"href":"https:\/\/silk-pajamas.com\/es\/wp-json\/wp\/v2\/product_tag?post=930"}],"curies":[{"name":"wp","href":"https:\/\/api.w.org\/{rel}","templated":true}]}}