{"id":933,"date":"2026-04-12T15:43:43","date_gmt":"2026-04-12T15:43:43","guid":{"rendered":"https:\/\/silk-pajamas.com\/22-momme-charmeuse-mulberry-silk-tee-sandwashed-sky-blue\/"},"modified":"2026-04-17T03:08:36","modified_gmt":"2026-04-17T03:08:36","slug":"22-momme-charmeuse-mulberry-silk-tee-sandwashed-sky-blue","status":"publish","type":"product","link":"https:\/\/silk-pajamas.com\/es\/22-momme-charmeuse-mulberry-silk-tee-sandwashed-sky-blue\/","title":{"rendered":"22 Momme Charmeuse Mulberry Silk Tee Sandwashed Sky Blue"},"content":{"rendered":"<p>Esta camiseta de seda est\u00e1 confeccionada en seda charmeuse 22 momme en tono azul cielo. Presenta un corte de arena, un tacto suave y una ca\u00edda c\u00f3moda para el hombre. Este modelo es compatible con las tallas XL, XXL, 3XL y 4XL y es perfecto para llevar en cualquier \u00e9poca del a\u00f1o, para regalar o para el d\u00eda a d\u00eda. Lavar a mano en fr\u00edo o en ciclo delicado.<\/p>","protected":false},"excerpt":{"rendered":"<p>Camiseta de seda Momme Charmeuse 22 en azul cielo. Acabado jaspeado, tacto de ca\u00edda suave y tallas XL, XXL, 3XL, 4XL. Dise\u00f1ada para hombres.<\/p>","protected":false},"featured_media":1325,"template":"","meta":{"_gspb_post_css":""},"product_brand":[],"product_cat":[28],"product_tag":[911,912,903],"class_list":{"0":"post-933","1":"product","2":"type-product","3":"status-publish","4":"has-post-thumbnail","6":"product_cat-silk-t-shirts","7":"product_tag-22-momme-silk-t-shirt-sky-blue","8":"product_tag-charmeuse-silk-t-shirt-sandwashed","9":"product_tag-manufacturer-silk-t-shirt-for-men","11":"first","12":"instock","13":"shipping-taxable","14":"purchasable","15":"product-type-simple"},"_links":{"self":[{"href":"https:\/\/silk-pajamas.com\/es\/wp-json\/wp\/v2\/product\/933","targetHints":{"allow":["GET"]}}],"collection":[{"href":"https:\/\/silk-pajamas.com\/es\/wp-json\/wp\/v2\/product"}],"about":[{"href":"https:\/\/silk-pajamas.com\/es\/wp-json\/wp\/v2\/types\/product"}],"wp:featuredmedia":[{"embeddable":true,"href":"https:\/\/silk-pajamas.com\/es\/wp-json\/wp\/v2\/media\/1325"}],"wp:attachment":[{"href":"https:\/\/silk-pajamas.com\/es\/wp-json\/wp\/v2\/media?parent=933"}],"wp:term":[{"taxonomy":"product_brand","embeddable":true,"href":"https:\/\/silk-pajamas.com\/es\/wp-json\/wp\/v2\/product_brand?post=933"},{"taxonomy":"product_cat","embeddable":true,"href":"https:\/\/silk-pajamas.com\/es\/wp-json\/wp\/v2\/product_cat?post=933"},{"taxonomy":"product_tag","embeddable":true,"href":"https:\/\/silk-pajamas.com\/es\/wp-json\/wp\/v2\/product_tag?post=933"}],"curies":[{"name":"wp","href":"https:\/\/api.w.org\/{rel}","templated":true}]}}