{"id":938,"date":"2026-04-12T15:43:44","date_gmt":"2026-04-12T15:43:44","guid":{"rendered":"https:\/\/silk-pajamas.com\/25-momme-sandwashed-silk-t-shirt-sandwashed-leopard\/"},"modified":"2026-04-17T02:08:42","modified_gmt":"2026-04-17T02:08:42","slug":"25-momme-sandwashed-silk-t-shirt-sandwashed-leopard","status":"publish","type":"product","link":"https:\/\/silk-pajamas.com\/es\/25-momme-sandwashed-silk-t-shirt-sandwashed-leopard\/","title":{"rendered":"25 Momme Camiseta de seda lisa Leopardo liso"},"content":{"rendered":"<p>Confeccionada en seda jaspeada de 25 micras, esta camiseta de seda combina detalles jaspeados con un brillo suave y un tacto transpirable. El acabado de leopardo le confiere un aspecto refinado, mientras que las tallas Custom ayudan a cubrir la demanda b\u00e1sica. Adecuada para hombres y armarios de primavera. Lavar a mano en fr\u00edo o en ciclo delicado.<\/p>","protected":false},"excerpt":{"rendered":"<p>25 Momme Camiseta de seda Sandwashed en Leopard. Acabado Sandwashed, sensaci\u00f3n de ca\u00edda suave y gama de tallas Custom. Dise\u00f1ada para hombres.<\/p>","protected":false},"featured_media":1267,"template":"","meta":{"_gspb_post_css":""},"product_brand":[],"product_cat":[28],"product_tag":[919,903,881],"class_list":{"0":"post-938","1":"product","2":"type-product","3":"status-publish","4":"has-post-thumbnail","6":"product_cat-silk-t-shirts","7":"product_tag-25-momme-silk-t-shirt-leopard","8":"product_tag-manufacturer-silk-t-shirt-for-men","9":"product_tag-sandwashed-silk-t-shirt-sandwashed","11":"first","12":"instock","13":"shipping-taxable","14":"purchasable","15":"product-type-simple"},"_links":{"self":[{"href":"https:\/\/silk-pajamas.com\/es\/wp-json\/wp\/v2\/product\/938","targetHints":{"allow":["GET"]}}],"collection":[{"href":"https:\/\/silk-pajamas.com\/es\/wp-json\/wp\/v2\/product"}],"about":[{"href":"https:\/\/silk-pajamas.com\/es\/wp-json\/wp\/v2\/types\/product"}],"wp:featuredmedia":[{"embeddable":true,"href":"https:\/\/silk-pajamas.com\/es\/wp-json\/wp\/v2\/media\/1267"}],"wp:attachment":[{"href":"https:\/\/silk-pajamas.com\/es\/wp-json\/wp\/v2\/media?parent=938"}],"wp:term":[{"taxonomy":"product_brand","embeddable":true,"href":"https:\/\/silk-pajamas.com\/es\/wp-json\/wp\/v2\/product_brand?post=938"},{"taxonomy":"product_cat","embeddable":true,"href":"https:\/\/silk-pajamas.com\/es\/wp-json\/wp\/v2\/product_cat?post=938"},{"taxonomy":"product_tag","embeddable":true,"href":"https:\/\/silk-pajamas.com\/es\/wp-json\/wp\/v2\/product_tag?post=938"}],"curies":[{"name":"wp","href":"https:\/\/api.w.org\/{rel}","templated":true}]}}