{"id":940,"date":"2026-04-12T15:43:44","date_gmt":"2026-04-12T15:43:44","guid":{"rendered":"https:\/\/silk-pajamas.com\/25-momme-charmeuse-mulberry-silk-tee-cap-sleeve-rose\/"},"modified":"2026-04-17T02:13:25","modified_gmt":"2026-04-17T02:13:25","slug":"25-momme-charmeuse-mulberry-silk-tee-cap-sleeve-rose","status":"publish","type":"product","link":"https:\/\/silk-pajamas.com\/es\/25-momme-charmeuse-mulberry-silk-tee-cap-sleeve-rose\/","title":{"rendered":"25 Momme Charmeuse Mulberry Silk Tee Cap Sleeve Rose"},"content":{"rendered":"<p>Confeccionada en 25 seda momme charmeuse, esta camiseta de seda combina el detalle de la manga casquillo con un brillo suave y un tacto transpirable. El acabado en rosa le confiere un aspecto refinado, mientras que las tallas Custom ayudan a cubrir la demanda b\u00e1sica. Adecuada para armarios femeninos y oto\u00f1ales. Lavar a mano en fr\u00edo o en ciclo delicado.<\/p>","protected":false},"excerpt":{"rendered":"<p>25 Camiseta Momme Charmeuse de seda en color Rose. Acabado Cap Sleeve, tacto termorregulador y gama de tallas Custom. Dise\u00f1ada para la mujer.<\/p>","protected":false},"featured_media":1273,"template":"","meta":{"_gspb_post_css":""},"product_brand":[],"product_cat":[28],"product_tag":[922,916,923],"class_list":{"0":"post-940","1":"product","2":"type-product","3":"status-publish","4":"has-post-thumbnail","6":"product_cat-silk-t-shirts","7":"product_tag-25-momme-silk-t-shirt-rose","8":"product_tag-charmeuse-silk-t-shirt-cap-sleeve","9":"product_tag-wholesale-silk-t-shirt-for-women","11":"first","12":"instock","13":"shipping-taxable","14":"purchasable","15":"product-type-simple"},"_links":{"self":[{"href":"https:\/\/silk-pajamas.com\/es\/wp-json\/wp\/v2\/product\/940","targetHints":{"allow":["GET"]}}],"collection":[{"href":"https:\/\/silk-pajamas.com\/es\/wp-json\/wp\/v2\/product"}],"about":[{"href":"https:\/\/silk-pajamas.com\/es\/wp-json\/wp\/v2\/types\/product"}],"wp:featuredmedia":[{"embeddable":true,"href":"https:\/\/silk-pajamas.com\/es\/wp-json\/wp\/v2\/media\/1273"}],"wp:attachment":[{"href":"https:\/\/silk-pajamas.com\/es\/wp-json\/wp\/v2\/media?parent=940"}],"wp:term":[{"taxonomy":"product_brand","embeddable":true,"href":"https:\/\/silk-pajamas.com\/es\/wp-json\/wp\/v2\/product_brand?post=940"},{"taxonomy":"product_cat","embeddable":true,"href":"https:\/\/silk-pajamas.com\/es\/wp-json\/wp\/v2\/product_cat?post=940"},{"taxonomy":"product_tag","embeddable":true,"href":"https:\/\/silk-pajamas.com\/es\/wp-json\/wp\/v2\/product_tag?post=940"}],"curies":[{"name":"wp","href":"https:\/\/api.w.org\/{rel}","templated":true}]}}