{"id":944,"date":"2026-04-12T15:43:44","date_gmt":"2026-04-12T15:43:44","guid":{"rendered":"https:\/\/silk-pajamas.com\/19-momme-mulberry-silk-bra-panty-set-soft-cup-black-factory\/"},"modified":"2026-04-17T02:43:37","modified_gmt":"2026-04-17T02:43:37","slug":"19-momme-mulberry-silk-bra-panty-set-soft-cup-black-factory","status":"publish","type":"product","link":"https:\/\/silk-pajamas.com\/es\/19-momme-mulberry-silk-bra-panty-set-soft-cup-black-factory\/","title":{"rendered":"19 Momme Mulberry Seda Sujetador Braga Conjunto Copa Suave Negro Factory"},"content":{"rendered":"<p>Este conjunto de sujetador y braguita est\u00e1 confeccionado en seda de morera de 19 momme en tono negro. Tiene una copa suave, una sensaci\u00f3n suave al tacto y una ca\u00edda c\u00f3moda para pieles sensibles. Este modelo es compatible con las tallas 34B, 36B, 38B y 40C y es ideal para llevar en cualquier \u00e9poca del a\u00f1o, para regalar o para el d\u00eda a d\u00eda. Lavar a mano en fr\u00edo o en ciclo delicado.<\/p>","protected":false},"excerpt":{"rendered":"<p>19 Conjunto de sujetador y braguita Momme Mulberry de seda en color negro. Acabado de copa suave, tacto termorregulador y tallas 34B, 36B, 38B, 40C. Dise\u00f1ado para pieles sensibles.<\/p>","protected":false},"featured_media":1283,"template":"","meta":{"_gspb_post_css":""},"product_brand":[],"product_cat":[40],"product_tag":[929,930,931],"class_list":{"0":"post-944","1":"product","2":"type-product","3":"status-publish","4":"has-post-thumbnail","6":"product_cat-silk-bra-panty-sets","7":"product_tag-19-momme-silk-bra-panty-set-black","8":"product_tag-mulberry-silk-bra-panty-set-soft-cup","9":"product_tag-wholesale-silk-bra-panty-set-for-sensitive-skin","11":"first","12":"instock","13":"shipping-taxable","14":"purchasable","15":"product-type-simple"},"_links":{"self":[{"href":"https:\/\/silk-pajamas.com\/es\/wp-json\/wp\/v2\/product\/944","targetHints":{"allow":["GET"]}}],"collection":[{"href":"https:\/\/silk-pajamas.com\/es\/wp-json\/wp\/v2\/product"}],"about":[{"href":"https:\/\/silk-pajamas.com\/es\/wp-json\/wp\/v2\/types\/product"}],"wp:featuredmedia":[{"embeddable":true,"href":"https:\/\/silk-pajamas.com\/es\/wp-json\/wp\/v2\/media\/1283"}],"wp:attachment":[{"href":"https:\/\/silk-pajamas.com\/es\/wp-json\/wp\/v2\/media?parent=944"}],"wp:term":[{"taxonomy":"product_brand","embeddable":true,"href":"https:\/\/silk-pajamas.com\/es\/wp-json\/wp\/v2\/product_brand?post=944"},{"taxonomy":"product_cat","embeddable":true,"href":"https:\/\/silk-pajamas.com\/es\/wp-json\/wp\/v2\/product_cat?post=944"},{"taxonomy":"product_tag","embeddable":true,"href":"https:\/\/silk-pajamas.com\/es\/wp-json\/wp\/v2\/product_tag?post=944"}],"curies":[{"name":"wp","href":"https:\/\/api.w.org\/{rel}","templated":true}]}}