{"id":948,"date":"2026-04-12T15:43:45","date_gmt":"2026-04-12T15:43:45","guid":{"rendered":"https:\/\/silk-pajamas.com\/16-momme-stretch-silk-bra-panty-set-soft-cup-ivory-vendor\/"},"modified":"2026-04-17T01:49:36","modified_gmt":"2026-04-17T01:49:36","slug":"16-momme-stretch-silk-bra-panty-set-soft-cup-ivory-vendor","status":"publish","type":"product","link":"https:\/\/silk-pajamas.com\/es\/16-momme-stretch-silk-bra-panty-set-soft-cup-ivory-vendor\/","title":{"rendered":"16 Momme Sujetador de seda el\u00e1stica Conjunto de braga Copa suave Marfil Vendedor"},"content":{"rendered":"<p>Confeccionado con seda el\u00e1stica de 16 momme, este conjunto de sujetador y braguita ofrece una sensaci\u00f3n transpirable y suave en la piel y un movimiento elegante. La suave construcci\u00f3n de la copa y el color marfil mantienen el aspecto pulido de la mujer. Disponible en S, M, L, XL. Lavar a mano en fr\u00edo o en ciclo delicado.<\/p>","protected":false},"excerpt":{"rendered":"<p>Conjunto de sujetador y braguita de seda Stretch Silk 16 Momme en color marfil. Acabado de copa suave, tacto transpirable y tallas S, M, L, XL. Dise\u00f1ado para la mujer.<\/p>","protected":false},"featured_media":1226,"template":"","meta":{"_gspb_post_css":""},"product_brand":[],"product_cat":[40],"product_tag":[926,941,942],"class_list":{"0":"post-948","1":"product","2":"type-product","3":"status-publish","4":"has-post-thumbnail","6":"product_cat-silk-bra-panty-sets","7":"product_tag-16-momme-silk-bra-panty-set-ivory","8":"product_tag-stretch-silk-silk-bra-panty-set-soft-cup","9":"product_tag-wholesale-silk-bra-panty-set-for-women","11":"first","12":"instock","13":"featured","14":"shipping-taxable","15":"purchasable","16":"product-type-simple"},"_links":{"self":[{"href":"https:\/\/silk-pajamas.com\/es\/wp-json\/wp\/v2\/product\/948","targetHints":{"allow":["GET"]}}],"collection":[{"href":"https:\/\/silk-pajamas.com\/es\/wp-json\/wp\/v2\/product"}],"about":[{"href":"https:\/\/silk-pajamas.com\/es\/wp-json\/wp\/v2\/types\/product"}],"wp:featuredmedia":[{"embeddable":true,"href":"https:\/\/silk-pajamas.com\/es\/wp-json\/wp\/v2\/media\/1226"}],"wp:attachment":[{"href":"https:\/\/silk-pajamas.com\/es\/wp-json\/wp\/v2\/media?parent=948"}],"wp:term":[{"taxonomy":"product_brand","embeddable":true,"href":"https:\/\/silk-pajamas.com\/es\/wp-json\/wp\/v2\/product_brand?post=948"},{"taxonomy":"product_cat","embeddable":true,"href":"https:\/\/silk-pajamas.com\/es\/wp-json\/wp\/v2\/product_cat?post=948"},{"taxonomy":"product_tag","embeddable":true,"href":"https:\/\/silk-pajamas.com\/es\/wp-json\/wp\/v2\/product_tag?post=948"}],"curies":[{"name":"wp","href":"https:\/\/api.w.org\/{rel}","templated":true}]}}