{"id":949,"date":"2026-04-12T15:43:45","date_gmt":"2026-04-12T15:43:45","guid":{"rendered":"https:\/\/silk-pajamas.com\/16-momme-sandwashed-silk-bralette-set-lace-trim-wine\/"},"modified":"2026-04-17T01:53:38","modified_gmt":"2026-04-17T01:53:38","slug":"16-momme-sandwashed-silk-bralette-set-lace-trim-wine","status":"publish","type":"product","link":"https:\/\/silk-pajamas.com\/es\/16-momme-sandwashed-silk-bralette-set-lace-trim-wine\/","title":{"rendered":"16 Conjunto Momme Sandwashed Silk Bralette Encaje Vino"},"content":{"rendered":"<p>Confeccionado en seda sandwashed de 16 momme, este conjunto de sujetador y braguita combina detalles de encaje con un brillo suave y un tacto transpirable. El acabado vino le confiere un aspecto refinado, mientras que las tallas XL, XXL, 3XL, 4XL ayudan a cubrir la demanda b\u00e1sica. Adecuado para armarios femeninos y oto\u00f1ales. Lavar a mano en fr\u00edo o en ciclo delicado.<\/p>","protected":false},"excerpt":{"rendered":"<p>16 Conjunto de sujetador y braguita de seda Momme Sandwashed en color vino. Acabado de encaje, tacto transpirable y tallas XL, XXL, 3XL, 4XL. Dise\u00f1ado para la mujer.<\/p>","protected":false},"featured_media":1241,"template":"","meta":{"_gspb_post_css":""},"product_brand":[],"product_cat":[40],"product_tag":[943,944,939],"class_list":{"0":"post-949","1":"product","2":"type-product","3":"status-publish","4":"has-post-thumbnail","6":"product_cat-silk-bra-panty-sets","7":"product_tag-16-momme-silk-bra-panty-set-wine","8":"product_tag-factory-silk-bra-panty-set-for-women","9":"product_tag-sandwashed-silk-bra-panty-set-lace-trim","11":"first","12":"instock","13":"shipping-taxable","14":"purchasable","15":"product-type-simple"},"_links":{"self":[{"href":"https:\/\/silk-pajamas.com\/es\/wp-json\/wp\/v2\/product\/949","targetHints":{"allow":["GET"]}}],"collection":[{"href":"https:\/\/silk-pajamas.com\/es\/wp-json\/wp\/v2\/product"}],"about":[{"href":"https:\/\/silk-pajamas.com\/es\/wp-json\/wp\/v2\/types\/product"}],"wp:featuredmedia":[{"embeddable":true,"href":"https:\/\/silk-pajamas.com\/es\/wp-json\/wp\/v2\/media\/1241"}],"wp:attachment":[{"href":"https:\/\/silk-pajamas.com\/es\/wp-json\/wp\/v2\/media?parent=949"}],"wp:term":[{"taxonomy":"product_brand","embeddable":true,"href":"https:\/\/silk-pajamas.com\/es\/wp-json\/wp\/v2\/product_brand?post=949"},{"taxonomy":"product_cat","embeddable":true,"href":"https:\/\/silk-pajamas.com\/es\/wp-json\/wp\/v2\/product_cat?post=949"},{"taxonomy":"product_tag","embeddable":true,"href":"https:\/\/silk-pajamas.com\/es\/wp-json\/wp\/v2\/product_tag?post=949"}],"curies":[{"name":"wp","href":"https:\/\/api.w.org\/{rel}","templated":true}]}}