{"id":955,"date":"2026-04-12T15:43:46","date_gmt":"2026-04-12T15:43:46","guid":{"rendered":"https:\/\/silk-pajamas.com\/16-momme-stretch-silk-bra-panty-set-wireless-black-vendor\/"},"modified":"2026-04-16T09:30:49","modified_gmt":"2026-04-16T09:30:49","slug":"16-momme-stretch-silk-bra-panty-set-wireless-black-vendor","status":"publish","type":"product","link":"https:\/\/silk-pajamas.com\/es\/16-momme-stretch-silk-bra-panty-set-wireless-black-vendor\/","title":{"rendered":"16 Sujetador de seda el\u00e1stica Momme Conjunto de braguita sin aros Negro Vendedor"},"content":{"rendered":"<p>Confeccionado en seda el\u00e1stica de 16 momme, este conjunto de sujetador y braguita combina detalles inal\u00e1mbricos con un brillo suave y un tacto transpirable. El acabado en negro le confiere un aspecto refinado, mientras que las tallas S, M, L, XL ayudan a cubrir la demanda b\u00e1sica. Adecuado para mujeres y armarios de verano. Lavar a mano en fr\u00edo o en ciclo delicado.<\/p>","protected":false},"excerpt":{"rendered":"<p>Conjunto de sujetador y braguita de seda Stretch Silk 16 Momme en negro. Acabado sin aros, tacto transpirable y tallas S, M, L, XL. Dise\u00f1ado para la mujer.<\/p>","protected":false},"featured_media":1218,"template":"","meta":{"_gspb_post_css":""},"product_brand":[],"product_cat":[40],"product_tag":[953,954,942],"class_list":{"0":"post-955","1":"product","2":"type-product","3":"status-publish","4":"has-post-thumbnail","6":"product_cat-silk-bra-panty-sets","7":"product_tag-16-momme-silk-bra-panty-set-black","8":"product_tag-stretch-silk-silk-bra-panty-set-wireless","9":"product_tag-wholesale-silk-bra-panty-set-for-women","11":"first","12":"instock","13":"shipping-taxable","14":"purchasable","15":"product-type-simple"},"_links":{"self":[{"href":"https:\/\/silk-pajamas.com\/es\/wp-json\/wp\/v2\/product\/955","targetHints":{"allow":["GET"]}}],"collection":[{"href":"https:\/\/silk-pajamas.com\/es\/wp-json\/wp\/v2\/product"}],"about":[{"href":"https:\/\/silk-pajamas.com\/es\/wp-json\/wp\/v2\/types\/product"}],"wp:featuredmedia":[{"embeddable":true,"href":"https:\/\/silk-pajamas.com\/es\/wp-json\/wp\/v2\/media\/1218"}],"wp:attachment":[{"href":"https:\/\/silk-pajamas.com\/es\/wp-json\/wp\/v2\/media?parent=955"}],"wp:term":[{"taxonomy":"product_brand","embeddable":true,"href":"https:\/\/silk-pajamas.com\/es\/wp-json\/wp\/v2\/product_brand?post=955"},{"taxonomy":"product_cat","embeddable":true,"href":"https:\/\/silk-pajamas.com\/es\/wp-json\/wp\/v2\/product_cat?post=955"},{"taxonomy":"product_tag","embeddable":true,"href":"https:\/\/silk-pajamas.com\/es\/wp-json\/wp\/v2\/product_tag?post=955"}],"curies":[{"name":"wp","href":"https:\/\/api.w.org\/{rel}","templated":true}]}}