{"id":958,"date":"2026-04-12T15:43:46","date_gmt":"2026-04-12T15:43:46","guid":{"rendered":"https:\/\/silk-pajamas.com\/22-momme-sandwashed-silk-bralette-set-plus-size-floral\/"},"modified":"2026-04-16T10:28:04","modified_gmt":"2026-04-16T10:28:04","slug":"22-momme-sandwashed-silk-bralette-set-plus-size-floral","status":"publish","type":"product","link":"https:\/\/silk-pajamas.com\/es\/22-momme-sandwashed-silk-bralette-set-plus-size-floral\/","title":{"rendered":"22 Conjunto Momme Sandwashed Silk Bralette Plus Size Floral"},"content":{"rendered":"<p>Este conjunto de sujetador y braguita est\u00e1 confeccionado en seda sandwashed de 22 momme en tono floral. Presenta tirantes ajustables, una suave sensaci\u00f3n al tacto y una c\u00f3moda ca\u00edda para surtidos de regalo. Este modelo es compatible con las tallas XL, XXL, 3XL y 4XL y es ideal para llevar en cualquier \u00e9poca del a\u00f1o, como regalo o para el d\u00eda a d\u00eda. Lavar a mano en fr\u00edo o en ciclo delicado.<\/p>","protected":false},"excerpt":{"rendered":"<p>22 Conjunto de sujetador y braguita de seda Momme Sandwashed en Floral. Acabado con tirantes ajustables, tacto transpirable y tallas XL, XXL, 3XL, 4XL. Dise\u00f1ado para surtidos de regalo.<\/p>","protected":false},"featured_media":1230,"template":"","meta":{"_gspb_post_css":""},"product_brand":[],"product_cat":[40],"product_tag":[959,960,961],"class_list":{"0":"post-958","1":"product","2":"type-product","3":"status-publish","4":"has-post-thumbnail","6":"product_cat-silk-bra-panty-sets","7":"product_tag-22-momme-silk-bra-panty-set-floral","8":"product_tag-sandwashed-silk-bra-panty-set-adjustable-strap","9":"product_tag-vendor-silk-bra-panty-set-for-gift-assortments","11":"first","12":"instock","13":"featured","14":"shipping-taxable","15":"purchasable","16":"product-type-simple"},"_links":{"self":[{"href":"https:\/\/silk-pajamas.com\/es\/wp-json\/wp\/v2\/product\/958","targetHints":{"allow":["GET"]}}],"collection":[{"href":"https:\/\/silk-pajamas.com\/es\/wp-json\/wp\/v2\/product"}],"about":[{"href":"https:\/\/silk-pajamas.com\/es\/wp-json\/wp\/v2\/types\/product"}],"wp:featuredmedia":[{"embeddable":true,"href":"https:\/\/silk-pajamas.com\/es\/wp-json\/wp\/v2\/media\/1230"}],"wp:attachment":[{"href":"https:\/\/silk-pajamas.com\/es\/wp-json\/wp\/v2\/media?parent=958"}],"wp:term":[{"taxonomy":"product_brand","embeddable":true,"href":"https:\/\/silk-pajamas.com\/es\/wp-json\/wp\/v2\/product_brand?post=958"},{"taxonomy":"product_cat","embeddable":true,"href":"https:\/\/silk-pajamas.com\/es\/wp-json\/wp\/v2\/product_cat?post=958"},{"taxonomy":"product_tag","embeddable":true,"href":"https:\/\/silk-pajamas.com\/es\/wp-json\/wp\/v2\/product_tag?post=958"}],"curies":[{"name":"wp","href":"https:\/\/api.w.org\/{rel}","templated":true}]}}