{"id":965,"date":"2026-04-12T15:43:47","date_gmt":"2026-04-12T15:43:47","guid":{"rendered":"https:\/\/silk-pajamas.com\/19-momme-charmeuse-silk-bra-panty-set-stretch-fit-blush\/"},"modified":"2026-04-16T08:29:58","modified_gmt":"2026-04-16T08:29:58","slug":"19-momme-charmeuse-silk-bra-panty-set-stretch-fit-blush","status":"publish","type":"product","link":"https:\/\/silk-pajamas.com\/es\/19-momme-charmeuse-silk-bra-panty-set-stretch-fit-blush\/","title":{"rendered":"19 Momme Charmeuse Seda Sujetador Braga Conjunto Stretch Fit Blush"},"content":{"rendered":"<p>Confeccionado en seda momme charmeuse 19, este conjunto de sujetador y braguita combina detalles de ajuste el\u00e1stico con un brillo suave y un tacto transpirable. El acabado rubor le confiere un aspecto refinado, mientras que las tallas S, M, L, XL ayudan a cubrir la demanda b\u00e1sica. Adecuado para armarios femeninos y de oto\u00f1o. Lavar a mano en fr\u00edo o en ciclo delicado.<\/p>","protected":false},"excerpt":{"rendered":"<p>19 Conjunto de sujetador y braguita Momme Charmeuse de seda en color Blush. Acabado Stretch Fit, sensaci\u00f3n de ca\u00edda suave y tallas S, M, L, XL. Dise\u00f1ado para la mujer.<\/p>","protected":false},"featured_media":1164,"template":"","meta":{"_gspb_post_css":""},"product_brand":[],"product_cat":[40],"product_tag":[971,933,944],"class_list":{"0":"post-965","1":"product","2":"type-product","3":"status-publish","4":"has-post-thumbnail","6":"product_cat-silk-bra-panty-sets","7":"product_tag-19-momme-silk-bra-panty-set-blush","8":"product_tag-charmeuse-silk-bra-panty-set-stretch-fit","9":"product_tag-factory-silk-bra-panty-set-for-women","11":"first","12":"instock","13":"shipping-taxable","14":"purchasable","15":"product-type-simple"},"_links":{"self":[{"href":"https:\/\/silk-pajamas.com\/es\/wp-json\/wp\/v2\/product\/965","targetHints":{"allow":["GET"]}}],"collection":[{"href":"https:\/\/silk-pajamas.com\/es\/wp-json\/wp\/v2\/product"}],"about":[{"href":"https:\/\/silk-pajamas.com\/es\/wp-json\/wp\/v2\/types\/product"}],"wp:featuredmedia":[{"embeddable":true,"href":"https:\/\/silk-pajamas.com\/es\/wp-json\/wp\/v2\/media\/1164"}],"wp:attachment":[{"href":"https:\/\/silk-pajamas.com\/es\/wp-json\/wp\/v2\/media?parent=965"}],"wp:term":[{"taxonomy":"product_brand","embeddable":true,"href":"https:\/\/silk-pajamas.com\/es\/wp-json\/wp\/v2\/product_brand?post=965"},{"taxonomy":"product_cat","embeddable":true,"href":"https:\/\/silk-pajamas.com\/es\/wp-json\/wp\/v2\/product_cat?post=965"},{"taxonomy":"product_tag","embeddable":true,"href":"https:\/\/silk-pajamas.com\/es\/wp-json\/wp\/v2\/product_tag?post=965"}],"curies":[{"name":"wp","href":"https:\/\/api.w.org\/{rel}","templated":true}]}}