{"id":966,"date":"2026-04-12T15:43:47","date_gmt":"2026-04-12T15:43:47","guid":{"rendered":"https:\/\/silk-pajamas.com\/19-momme-charmeuse-silk-bralette-set-french-cut-pearl\/"},"modified":"2026-04-16T08:31:57","modified_gmt":"2026-04-16T08:31:57","slug":"19-momme-charmeuse-silk-bralette-set-french-cut-pearl","status":"publish","type":"product","link":"https:\/\/silk-pajamas.com\/es\/19-momme-charmeuse-silk-bralette-set-french-cut-pearl\/","title":{"rendered":"19 Conjunto Momme Charmeuse Silk Bralette French Cut Pearl"},"content":{"rendered":"<p>Confeccionado con seda charmeuse 19 momme, este conjunto de sujetador y braguita ofrece una sensaci\u00f3n transpirable y suave en la piel y un movimiento elegante. La construcci\u00f3n de corte franc\u00e9s y el color perla mantienen el aspecto pulido para pieles sensibles. Disponible en S, M, L y XL. Lavar a mano en fr\u00edo o en ciclo suave.<\/p>","protected":false},"excerpt":{"rendered":"<p>19 Conjunto de sujetador y braguita de seda Momme Charmeuse en color perla. Acabado de corte franc\u00e9s, tacto transpirable y tallas S, M, L, XL. Dise\u00f1ado para pieles sensibles.<\/p>","protected":false},"featured_media":1169,"template":"","meta":{"_gspb_post_css":""},"product_brand":[],"product_cat":[40],"product_tag":[972,927,934],"class_list":{"0":"post-966","1":"product","2":"type-product","3":"status-publish","4":"has-post-thumbnail","6":"product_cat-silk-bra-panty-sets","7":"product_tag-19-momme-silk-bra-panty-set-pearl","8":"product_tag-charmeuse-silk-bra-panty-set-french-cut","9":"product_tag-vendor-silk-bra-panty-set-for-sensitive-skin","11":"first","12":"instock","13":"shipping-taxable","14":"purchasable","15":"product-type-simple"},"_links":{"self":[{"href":"https:\/\/silk-pajamas.com\/es\/wp-json\/wp\/v2\/product\/966","targetHints":{"allow":["GET"]}}],"collection":[{"href":"https:\/\/silk-pajamas.com\/es\/wp-json\/wp\/v2\/product"}],"about":[{"href":"https:\/\/silk-pajamas.com\/es\/wp-json\/wp\/v2\/types\/product"}],"wp:featuredmedia":[{"embeddable":true,"href":"https:\/\/silk-pajamas.com\/es\/wp-json\/wp\/v2\/media\/1169"}],"wp:attachment":[{"href":"https:\/\/silk-pajamas.com\/es\/wp-json\/wp\/v2\/media?parent=966"}],"wp:term":[{"taxonomy":"product_brand","embeddable":true,"href":"https:\/\/silk-pajamas.com\/es\/wp-json\/wp\/v2\/product_brand?post=966"},{"taxonomy":"product_cat","embeddable":true,"href":"https:\/\/silk-pajamas.com\/es\/wp-json\/wp\/v2\/product_cat?post=966"},{"taxonomy":"product_tag","embeddable":true,"href":"https:\/\/silk-pajamas.com\/es\/wp-json\/wp\/v2\/product_tag?post=966"}],"curies":[{"name":"wp","href":"https:\/\/api.w.org\/{rel}","templated":true}]}}