{"id":967,"date":"2026-04-12T15:43:47","date_gmt":"2026-04-12T15:43:47","guid":{"rendered":"https:\/\/silk-pajamas.com\/22-momme-mulberry-silk-bra-panty-set-wireless-blush\/"},"modified":"2026-04-16T08:33:35","modified_gmt":"2026-04-16T08:33:35","slug":"22-momme-mulberry-silk-bra-panty-set-wireless-blush","status":"publish","type":"product","link":"https:\/\/silk-pajamas.com\/es\/22-momme-mulberry-silk-bra-panty-set-wireless-blush\/","title":{"rendered":"22 Momme Mulberry Seda Sujetador Braga Conjunto Inal\u00e1mbrico Blush"},"content":{"rendered":"<p>Este conjunto de sujetador y braguita est\u00e1 confeccionado en seda de morera 22 momme en tono rubor. Es inal\u00e1mbrico, suave al tacto y c\u00f3modo para la mujer. Admite tallas personalizadas y es ideal para la primavera, para regalar o para el d\u00eda a d\u00eda. Lavar a mano en fr\u00edo o en ciclo delicado.<\/p>","protected":false},"excerpt":{"rendered":"<p>Conjunto de sujetador y braguita 22 Momme Mulberry de seda en color Blush. Acabado sin aros, tacto ligero y tallas personalizadas. Dise\u00f1ado para la mujer.<\/p>","protected":false},"featured_media":1172,"template":"","meta":{"_gspb_post_css":""},"product_brand":[],"product_cat":[40],"product_tag":[973,974,950],"class_list":{"0":"post-967","1":"product","2":"type-product","3":"status-publish","4":"has-post-thumbnail","6":"product_cat-silk-bra-panty-sets","7":"product_tag-22-momme-silk-bra-panty-set-blush","8":"product_tag-manufacturer-silk-bra-panty-set-for-women","9":"product_tag-mulberry-silk-bra-panty-set-wireless","11":"first","12":"instock","13":"shipping-taxable","14":"purchasable","15":"product-type-simple"},"_links":{"self":[{"href":"https:\/\/silk-pajamas.com\/es\/wp-json\/wp\/v2\/product\/967","targetHints":{"allow":["GET"]}}],"collection":[{"href":"https:\/\/silk-pajamas.com\/es\/wp-json\/wp\/v2\/product"}],"about":[{"href":"https:\/\/silk-pajamas.com\/es\/wp-json\/wp\/v2\/types\/product"}],"wp:featuredmedia":[{"embeddable":true,"href":"https:\/\/silk-pajamas.com\/es\/wp-json\/wp\/v2\/media\/1172"}],"wp:attachment":[{"href":"https:\/\/silk-pajamas.com\/es\/wp-json\/wp\/v2\/media?parent=967"}],"wp:term":[{"taxonomy":"product_brand","embeddable":true,"href":"https:\/\/silk-pajamas.com\/es\/wp-json\/wp\/v2\/product_brand?post=967"},{"taxonomy":"product_cat","embeddable":true,"href":"https:\/\/silk-pajamas.com\/es\/wp-json\/wp\/v2\/product_cat?post=967"},{"taxonomy":"product_tag","embeddable":true,"href":"https:\/\/silk-pajamas.com\/es\/wp-json\/wp\/v2\/product_tag?post=967"}],"curies":[{"name":"wp","href":"https:\/\/api.w.org\/{rel}","templated":true}]}}