{"id":971,"date":"2026-04-12T15:43:47","date_gmt":"2026-04-12T15:43:47","guid":{"rendered":"https:\/\/silk-pajamas.com\/19-momme-stretch-silk-thermal-set-long-sleeve-silver\/"},"modified":"2026-04-16T08:46:54","modified_gmt":"2026-04-16T08:46:54","slug":"19-momme-stretch-silk-thermal-set-long-sleeve-silver","status":"publish","type":"product","link":"https:\/\/silk-pajamas.com\/es\/19-momme-stretch-silk-thermal-set-long-sleeve-silver\/","title":{"rendered":"19 Conjunto T\u00e9rmico Momme Seda El\u00e1stica Manga Larga Plata"},"content":{"rendered":"<p>Confeccionada con seda el\u00e1stica de 19 momme, esta capa interior t\u00e9rmica ofrece termorregulaci\u00f3n, un tacto suave en la piel y un movimiento elegante. La construcci\u00f3n de manga larga y el color plateado mantienen el aspecto pulido para capas de clima fresco. Disponible en M, L, XL y XXL. Lavar a mano en fr\u00edo o en ciclo suave.<\/p>","protected":false},"excerpt":{"rendered":"<p>19 Momme Stretch Silk capa base t\u00e9rmica de seda en color Plata. Acabado de manga larga, tacto termorregulador y tallas M, L, XL, XXL. Dise\u00f1ada para el fr\u00edo.<\/p>","protected":false},"featured_media":1186,"template":"","meta":{"_gspb_post_css":""},"product_brand":[],"product_cat":[41],"product_tag":[984,982,985],"class_list":{"0":"post-971","1":"product","2":"type-product","3":"status-publish","4":"has-post-thumbnail","6":"product_cat-silk-long-johns","7":"product_tag-19-momme-silk-long-johns-silver","8":"product_tag-stretch-silk-silk-long-johns-long-sleeve","9":"product_tag-supplier-silk-long-johns-for-cool-weather-layering","11":"first","12":"instock","13":"shipping-taxable","14":"purchasable","15":"product-type-simple"},"_links":{"self":[{"href":"https:\/\/silk-pajamas.com\/es\/wp-json\/wp\/v2\/product\/971","targetHints":{"allow":["GET"]}}],"collection":[{"href":"https:\/\/silk-pajamas.com\/es\/wp-json\/wp\/v2\/product"}],"about":[{"href":"https:\/\/silk-pajamas.com\/es\/wp-json\/wp\/v2\/types\/product"}],"wp:featuredmedia":[{"embeddable":true,"href":"https:\/\/silk-pajamas.com\/es\/wp-json\/wp\/v2\/media\/1186"}],"wp:attachment":[{"href":"https:\/\/silk-pajamas.com\/es\/wp-json\/wp\/v2\/media?parent=971"}],"wp:term":[{"taxonomy":"product_brand","embeddable":true,"href":"https:\/\/silk-pajamas.com\/es\/wp-json\/wp\/v2\/product_brand?post=971"},{"taxonomy":"product_cat","embeddable":true,"href":"https:\/\/silk-pajamas.com\/es\/wp-json\/wp\/v2\/product_cat?post=971"},{"taxonomy":"product_tag","embeddable":true,"href":"https:\/\/silk-pajamas.com\/es\/wp-json\/wp\/v2\/product_tag?post=971"}],"curies":[{"name":"wp","href":"https:\/\/api.w.org\/{rel}","templated":true}]}}