{"id":972,"date":"2026-04-12T15:43:47","date_gmt":"2026-04-12T15:43:47","guid":{"rendered":"https:\/\/silk-pajamas.com\/19-momme-mulberry-silk-long-johns-crew-neck-pearl-wholesale\/"},"modified":"2026-04-16T08:49:14","modified_gmt":"2026-04-16T08:49:14","slug":"19-momme-mulberry-silk-long-johns-crew-neck-pearl-wholesale","status":"publish","type":"product","link":"https:\/\/silk-pajamas.com\/es\/19-momme-mulberry-silk-long-johns-crew-neck-pearl-wholesale\/","title":{"rendered":"19 Momme Mulberry Silk Long Johns Crew Neck Perla al por mayor"},"content":{"rendered":"<p>Esta prenda interior t\u00e9rmica est\u00e1 confeccionada en seda de morera de 19 micras en tono perla. Presenta cuello redondo, un tacto suave y una ca\u00edda c\u00f3moda para las capas de tiempo fresco. Admite las tallas M, L, XL y XXL y es ideal para la primavera, para regalar o para el d\u00eda a d\u00eda. Lavar a mano en fr\u00edo o en ciclo delicado.<\/p>","protected":false},"excerpt":{"rendered":"<p>19 Capa base t\u00e9rmica de seda Momme Mulberry en color perla. Cuello redondo, tacto termorregulador y tallas M, L, XL, XXL. Dise\u00f1ada para el fr\u00edo.<\/p>","protected":false},"featured_media":1192,"template":"","meta":{"_gspb_post_css":""},"product_brand":[],"product_cat":[41],"product_tag":[986,983,987],"class_list":{"0":"post-972","1":"product","2":"type-product","3":"status-publish","4":"has-post-thumbnail","6":"product_cat-silk-long-johns","7":"product_tag-19-momme-silk-long-johns-pearl","8":"product_tag-factory-silk-long-johns-for-cool-weather-layering","9":"product_tag-mulberry-silk-long-johns-crew-neck","11":"first","12":"instock","13":"shipping-taxable","14":"purchasable","15":"product-type-simple"},"_links":{"self":[{"href":"https:\/\/silk-pajamas.com\/es\/wp-json\/wp\/v2\/product\/972","targetHints":{"allow":["GET"]}}],"collection":[{"href":"https:\/\/silk-pajamas.com\/es\/wp-json\/wp\/v2\/product"}],"about":[{"href":"https:\/\/silk-pajamas.com\/es\/wp-json\/wp\/v2\/types\/product"}],"wp:featuredmedia":[{"embeddable":true,"href":"https:\/\/silk-pajamas.com\/es\/wp-json\/wp\/v2\/media\/1192"}],"wp:attachment":[{"href":"https:\/\/silk-pajamas.com\/es\/wp-json\/wp\/v2\/media?parent=972"}],"wp:term":[{"taxonomy":"product_brand","embeddable":true,"href":"https:\/\/silk-pajamas.com\/es\/wp-json\/wp\/v2\/product_brand?post=972"},{"taxonomy":"product_cat","embeddable":true,"href":"https:\/\/silk-pajamas.com\/es\/wp-json\/wp\/v2\/product_cat?post=972"},{"taxonomy":"product_tag","embeddable":true,"href":"https:\/\/silk-pajamas.com\/es\/wp-json\/wp\/v2\/product_tag?post=972"}],"curies":[{"name":"wp","href":"https:\/\/api.w.org\/{rel}","templated":true}]}}