{"id":975,"date":"2026-04-12T15:43:47","date_gmt":"2026-04-12T15:43:47","guid":{"rendered":"https:\/\/silk-pajamas.com\/19-momme-sandwashed-silk-thermal-set-base-layer-silver\/"},"modified":"2026-04-16T08:59:59","modified_gmt":"2026-04-16T08:59:59","slug":"19-momme-sandwashed-silk-thermal-set-base-layer-silver","status":"publish","type":"product","link":"https:\/\/silk-pajamas.com\/es\/19-momme-sandwashed-silk-thermal-set-base-layer-silver\/","title":{"rendered":"19 Conjunto T\u00e9rmico Momme Seda Sandwashed Capa Base Plata"},"content":{"rendered":"<p>Esta capa base t\u00e9rmica est\u00e1 confeccionada en seda arenada de 19 momme en tono plateado. Ofrece una capa base, una sensaci\u00f3n suave al tacto y una ca\u00edda c\u00f3moda para la mujer. Admite tallas personalizadas y es ideal para llevar en cualquier \u00e9poca del a\u00f1o, como regalo o para el d\u00eda a d\u00eda. Lavar a mano en fr\u00edo o en ciclo delicado.<\/p>","protected":false},"excerpt":{"rendered":"<p>19 Momme Sandwashed capa base t\u00e9rmica de seda en Plata. Acabado de capa base, tacto suave y gama de tallas personalizada. Dise\u00f1ada para la mujer.<\/p>","protected":false},"featured_media":1204,"template":"","meta":{"_gspb_post_css":""},"product_brand":[],"product_cat":[41],"product_tag":[984,994,977],"class_list":{"0":"post-975","1":"product","2":"type-product","3":"status-publish","4":"has-post-thumbnail","6":"product_cat-silk-long-johns","7":"product_tag-19-momme-silk-long-johns-silver","8":"product_tag-sandwashed-silk-long-johns-base-layer","9":"product_tag-supplier-silk-long-johns-for-women","11":"first","12":"instock","13":"shipping-taxable","14":"purchasable","15":"product-type-simple"},"_links":{"self":[{"href":"https:\/\/silk-pajamas.com\/es\/wp-json\/wp\/v2\/product\/975","targetHints":{"allow":["GET"]}}],"collection":[{"href":"https:\/\/silk-pajamas.com\/es\/wp-json\/wp\/v2\/product"}],"about":[{"href":"https:\/\/silk-pajamas.com\/es\/wp-json\/wp\/v2\/types\/product"}],"wp:featuredmedia":[{"embeddable":true,"href":"https:\/\/silk-pajamas.com\/es\/wp-json\/wp\/v2\/media\/1204"}],"wp:attachment":[{"href":"https:\/\/silk-pajamas.com\/es\/wp-json\/wp\/v2\/media?parent=975"}],"wp:term":[{"taxonomy":"product_brand","embeddable":true,"href":"https:\/\/silk-pajamas.com\/es\/wp-json\/wp\/v2\/product_brand?post=975"},{"taxonomy":"product_cat","embeddable":true,"href":"https:\/\/silk-pajamas.com\/es\/wp-json\/wp\/v2\/product_cat?post=975"},{"taxonomy":"product_tag","embeddable":true,"href":"https:\/\/silk-pajamas.com\/es\/wp-json\/wp\/v2\/product_tag?post=975"}],"curies":[{"name":"wp","href":"https:\/\/api.w.org\/{rel}","templated":true}]}}