{"id":977,"date":"2026-04-12T15:43:48","date_gmt":"2026-04-12T15:43:48","guid":{"rendered":"https:\/\/silk-pajamas.com\/16-momme-charmeuse-silk-thermal-set-crew-neck-silver\/"},"modified":"2026-04-16T07:38:30","modified_gmt":"2026-04-16T07:38:30","slug":"16-momme-charmeuse-silk-thermal-set-crew-neck-silver","status":"publish","type":"product","link":"https:\/\/silk-pajamas.com\/es\/16-momme-charmeuse-silk-thermal-set-crew-neck-silver\/","title":{"rendered":"16 Conjunto t\u00e9rmico de seda Momme Charmeuse Cuello redondo Plata"},"content":{"rendered":"<p>Esta prenda interior t\u00e9rmica est\u00e1 confeccionada en seda charmeuse 16 momme en tono plateado. Presenta cuello redondo, tacto suave y ca\u00edda c\u00f3moda para llevarla de viaje. Admite tallas personalizadas y es ideal para llevar en oto\u00f1o, como regalo o para el d\u00eda a d\u00eda. Lavar a mano en fr\u00edo o en ciclo delicado.<\/p>","protected":false},"excerpt":{"rendered":"<p>16 Capa base t\u00e9rmica de seda Momme Charmeuse en color Plata. Acabado Crew Neck, tacto transpirable y gama de tallas Custom. Dise\u00f1ada para uso en viajes.<\/p>","protected":false},"featured_media":1139,"template":"","meta":{"_gspb_post_css":""},"product_brand":[],"product_cat":[41],"product_tag":[997,998,990],"class_list":{"0":"post-977","1":"product","2":"type-product","3":"status-publish","4":"has-post-thumbnail","6":"product_cat-silk-long-johns","7":"product_tag-16-momme-silk-long-johns-silver","8":"product_tag-charmeuse-silk-long-johns-crew-neck","9":"product_tag-factory-silk-long-johns-for-travel-use","11":"first","12":"instock","13":"shipping-taxable","14":"purchasable","15":"product-type-simple"},"_links":{"self":[{"href":"https:\/\/silk-pajamas.com\/es\/wp-json\/wp\/v2\/product\/977","targetHints":{"allow":["GET"]}}],"collection":[{"href":"https:\/\/silk-pajamas.com\/es\/wp-json\/wp\/v2\/product"}],"about":[{"href":"https:\/\/silk-pajamas.com\/es\/wp-json\/wp\/v2\/types\/product"}],"wp:featuredmedia":[{"embeddable":true,"href":"https:\/\/silk-pajamas.com\/es\/wp-json\/wp\/v2\/media\/1139"}],"wp:attachment":[{"href":"https:\/\/silk-pajamas.com\/es\/wp-json\/wp\/v2\/media?parent=977"}],"wp:term":[{"taxonomy":"product_brand","embeddable":true,"href":"https:\/\/silk-pajamas.com\/es\/wp-json\/wp\/v2\/product_brand?post=977"},{"taxonomy":"product_cat","embeddable":true,"href":"https:\/\/silk-pajamas.com\/es\/wp-json\/wp\/v2\/product_cat?post=977"},{"taxonomy":"product_tag","embeddable":true,"href":"https:\/\/silk-pajamas.com\/es\/wp-json\/wp\/v2\/product_tag?post=977"}],"curies":[{"name":"wp","href":"https:\/\/api.w.org\/{rel}","templated":true}]}}