{"id":980,"date":"2026-04-12T15:43:48","date_gmt":"2026-04-12T15:43:48","guid":{"rendered":"https:\/\/silk-pajamas.com\/22-momme-sandwashed-silk-long-johns-base-layer-rose-vendor\/"},"modified":"2026-04-16T07:41:35","modified_gmt":"2026-04-16T07:41:35","slug":"22-momme-sandwashed-silk-long-johns-base-layer-rose-vendor","status":"publish","type":"product","link":"https:\/\/silk-pajamas.com\/es\/22-momme-sandwashed-silk-long-johns-base-layer-rose-vendor\/","title":{"rendered":"22 Momme Sandwashed Silk Long Johns Base Layer Rose Vendor"},"content":{"rendered":"<p>Esta capa base t\u00e9rmica est\u00e1 confeccionada en seda sandwashed de 22 momme en tono rosa. Ofrece una capa base, una sensaci\u00f3n suave al tacto y una ca\u00edda c\u00f3moda para el hombre. Admite las tallas XL, XXL, 3XL y 4XL y es ideal para llevar en oto\u00f1o, regalar o para el confort diario. Lavar a mano en fr\u00edo o en ciclo delicado.<\/p>","protected":false},"excerpt":{"rendered":"<p>22 Momme Sandwashed capa base t\u00e9rmica de seda en Rose. Acabado de capa base, tacto resistente a las arrugas y tallas XL, XXL, 3XL, 4XL. Dise\u00f1ada para hombres.<\/p>","protected":false},"featured_media":1116,"template":"","meta":{"_gspb_post_css":""},"product_brand":[],"product_cat":[41],"product_tag":[1002,994,1003],"class_list":{"0":"post-980","1":"product","2":"type-product","3":"status-publish","4":"has-post-thumbnail","6":"product_cat-silk-long-johns","7":"product_tag-22-momme-silk-long-johns-rose","8":"product_tag-sandwashed-silk-long-johns-base-layer","9":"product_tag-vendor-silk-long-johns-for-men","11":"first","12":"instock","13":"shipping-taxable","14":"purchasable","15":"product-type-simple"},"_links":{"self":[{"href":"https:\/\/silk-pajamas.com\/es\/wp-json\/wp\/v2\/product\/980","targetHints":{"allow":["GET"]}}],"collection":[{"href":"https:\/\/silk-pajamas.com\/es\/wp-json\/wp\/v2\/product"}],"about":[{"href":"https:\/\/silk-pajamas.com\/es\/wp-json\/wp\/v2\/types\/product"}],"wp:featuredmedia":[{"embeddable":true,"href":"https:\/\/silk-pajamas.com\/es\/wp-json\/wp\/v2\/media\/1116"}],"wp:attachment":[{"href":"https:\/\/silk-pajamas.com\/es\/wp-json\/wp\/v2\/media?parent=980"}],"wp:term":[{"taxonomy":"product_brand","embeddable":true,"href":"https:\/\/silk-pajamas.com\/es\/wp-json\/wp\/v2\/product_brand?post=980"},{"taxonomy":"product_cat","embeddable":true,"href":"https:\/\/silk-pajamas.com\/es\/wp-json\/wp\/v2\/product_cat?post=980"},{"taxonomy":"product_tag","embeddable":true,"href":"https:\/\/silk-pajamas.com\/es\/wp-json\/wp\/v2\/product_tag?post=980"}],"curies":[{"name":"wp","href":"https:\/\/api.w.org\/{rel}","templated":true}]}}