{"id":981,"date":"2026-04-12T15:43:48","date_gmt":"2026-04-12T15:43:48","guid":{"rendered":"https:\/\/silk-pajamas.com\/19-momme-sandwashed-silk-thermal-set-lightweight-champagne\/"},"modified":"2026-04-16T07:43:01","modified_gmt":"2026-04-16T07:43:01","slug":"19-momme-sandwashed-silk-thermal-set-lightweight-champagne","status":"publish","type":"product","link":"https:\/\/silk-pajamas.com\/es\/19-momme-sandwashed-silk-thermal-set-lightweight-champagne\/","title":{"rendered":"19 Momme Conjunto T\u00e9rmico de Seda Ligera Champ\u00e1n"},"content":{"rendered":"<p>Esta capa interior t\u00e9rmica est\u00e1 confeccionada en seda sandwashed de 19 momme en tono champ\u00e1n. Es ligera, suave al tacto y c\u00f3moda para el hombre. Admite las tallas M, L, XL y XXL y es ideal para la primavera, para regalar o para el d\u00eda a d\u00eda. Lavar a mano en fr\u00edo o en ciclo delicado.<\/p>","protected":false},"excerpt":{"rendered":"<p>19 Capa interior t\u00e9rmica de seda Momme Sandwashed en color champ\u00e1n. Acabado ligero, tacto suave y tallas M, L, XL, XXL. Dise\u00f1ada para hombres.<\/p>","protected":false},"featured_media":1151,"template":"","meta":{"_gspb_post_css":""},"product_brand":[],"product_cat":[41],"product_tag":[1004,996,1005],"class_list":{"0":"post-981","1":"product","2":"type-product","3":"status-publish","4":"has-post-thumbnail","6":"product_cat-silk-long-johns","7":"product_tag-19-momme-silk-long-johns-champagne","8":"product_tag-manufacturer-silk-long-johns-for-men","9":"product_tag-sandwashed-silk-long-johns-lightweight","11":"first","12":"instock","13":"shipping-taxable","14":"purchasable","15":"product-type-simple"},"_links":{"self":[{"href":"https:\/\/silk-pajamas.com\/es\/wp-json\/wp\/v2\/product\/981","targetHints":{"allow":["GET"]}}],"collection":[{"href":"https:\/\/silk-pajamas.com\/es\/wp-json\/wp\/v2\/product"}],"about":[{"href":"https:\/\/silk-pajamas.com\/es\/wp-json\/wp\/v2\/types\/product"}],"wp:featuredmedia":[{"embeddable":true,"href":"https:\/\/silk-pajamas.com\/es\/wp-json\/wp\/v2\/media\/1151"}],"wp:attachment":[{"href":"https:\/\/silk-pajamas.com\/es\/wp-json\/wp\/v2\/media?parent=981"}],"wp:term":[{"taxonomy":"product_brand","embeddable":true,"href":"https:\/\/silk-pajamas.com\/es\/wp-json\/wp\/v2\/product_brand?post=981"},{"taxonomy":"product_cat","embeddable":true,"href":"https:\/\/silk-pajamas.com\/es\/wp-json\/wp\/v2\/product_cat?post=981"},{"taxonomy":"product_tag","embeddable":true,"href":"https:\/\/silk-pajamas.com\/es\/wp-json\/wp\/v2\/product_tag?post=981"}],"curies":[{"name":"wp","href":"https:\/\/api.w.org\/{rel}","templated":true}]}}