{"id":987,"date":"2026-04-12T15:43:49","date_gmt":"2026-04-12T15:43:49","guid":{"rendered":"https:\/\/silk-pajamas.com\/16-momme-stretch-silk-thermal-set-base-layer-sky-blue\/"},"modified":"2026-04-16T07:21:39","modified_gmt":"2026-04-16T07:21:39","slug":"16-momme-stretch-silk-thermal-set-base-layer-sky-blue","status":"publish","type":"product","link":"https:\/\/silk-pajamas.com\/es\/16-momme-stretch-silk-thermal-set-base-layer-sky-blue\/","title":{"rendered":"16 Momme Conjunto T\u00e9rmico Seda El\u00e1stica Capa Base Azul Cielo"},"content":{"rendered":"<p>Esta capa base t\u00e9rmica est\u00e1 confeccionada en seda el\u00e1stica de 16 momme en un tono azul cielo. Ofrece una capa base, una sensaci\u00f3n suave al tacto y una ca\u00edda c\u00f3moda para las capas de tiempo fresco. Admite las tallas S, M, L y XL y es ideal para el oto\u00f1o, para regalar o para el d\u00eda a d\u00eda. Lavar a mano en fr\u00edo o en ciclo delicado.<\/p>","protected":false},"excerpt":{"rendered":"<p>16 Capa base t\u00e9rmica de seda Momme Stretch Silk en azul cielo. Acabado de capa base, tacto termorregulador y tallas S, M, L, XL. Dise\u00f1ada para capas de tiempo fresco.<\/p>","protected":false},"featured_media":1106,"template":"","meta":{"_gspb_post_css":""},"product_brand":[],"product_cat":[41],"product_tag":[1014,1013,1015],"class_list":{"0":"post-987","1":"product","2":"type-product","3":"status-publish","4":"has-post-thumbnail","6":"product_cat-silk-long-johns","7":"product_tag-16-momme-silk-long-johns-sky-blue","8":"product_tag-manufacturer-silk-long-johns-for-cool-weather-layering","9":"product_tag-stretch-silk-silk-long-johns-base-layer","11":"first","12":"instock","13":"shipping-taxable","14":"purchasable","15":"product-type-simple"},"_links":{"self":[{"href":"https:\/\/silk-pajamas.com\/es\/wp-json\/wp\/v2\/product\/987","targetHints":{"allow":["GET"]}}],"collection":[{"href":"https:\/\/silk-pajamas.com\/es\/wp-json\/wp\/v2\/product"}],"about":[{"href":"https:\/\/silk-pajamas.com\/es\/wp-json\/wp\/v2\/types\/product"}],"wp:featuredmedia":[{"embeddable":true,"href":"https:\/\/silk-pajamas.com\/es\/wp-json\/wp\/v2\/media\/1106"}],"wp:attachment":[{"href":"https:\/\/silk-pajamas.com\/es\/wp-json\/wp\/v2\/media?parent=987"}],"wp:term":[{"taxonomy":"product_brand","embeddable":true,"href":"https:\/\/silk-pajamas.com\/es\/wp-json\/wp\/v2\/product_brand?post=987"},{"taxonomy":"product_cat","embeddable":true,"href":"https:\/\/silk-pajamas.com\/es\/wp-json\/wp\/v2\/product_cat?post=987"},{"taxonomy":"product_tag","embeddable":true,"href":"https:\/\/silk-pajamas.com\/es\/wp-json\/wp\/v2\/product_tag?post=987"}],"curies":[{"name":"wp","href":"https:\/\/api.w.org\/{rel}","templated":true}]}}