{"id":988,"date":"2026-04-12T15:43:49","date_gmt":"2026-04-12T15:43:49","guid":{"rendered":"https:\/\/silk-pajamas.com\/19-momme-charmeuse-silk-long-johns-crew-neck-champagne\/"},"modified":"2026-04-16T07:25:04","modified_gmt":"2026-04-16T07:25:04","slug":"19-momme-charmeuse-silk-long-johns-crew-neck-champagne","status":"publish","type":"product","link":"https:\/\/silk-pajamas.com\/es\/19-momme-charmeuse-silk-long-johns-crew-neck-champagne\/","title":{"rendered":"19 Momme Charmeuse Seda Largo Juanes Cuello Redondo Champ\u00e1n"},"content":{"rendered":"<p>Confeccionada en 19 seda momme charmeuse, esta capa interior t\u00e9rmica combina el detalle del cuello redondo con un brillo suave y un tacto transpirable. El acabado champ\u00e1n le confiere un aspecto refinado, mientras que las tallas Custom ayudan a cubrir la demanda central. Adecuada para capas de tiempo fresco y armarios primaverales. Lavar a mano en fr\u00edo o en ciclo delicado.<\/p>","protected":false},"excerpt":{"rendered":"<p>19 Capa base t\u00e9rmica de seda Momme Charmeuse en color champ\u00e1n. Cuello redondo, suave ca\u00edda y tallas personalizadas. Dise\u00f1ada para el fr\u00edo.<\/p>","protected":false},"featured_media":1112,"template":"","meta":{"_gspb_post_css":""},"product_brand":[],"product_cat":[41],"product_tag":[1004,998,985],"class_list":{"0":"post-988","1":"product","2":"type-product","3":"status-publish","4":"has-post-thumbnail","6":"product_cat-silk-long-johns","7":"product_tag-19-momme-silk-long-johns-champagne","8":"product_tag-charmeuse-silk-long-johns-crew-neck","9":"product_tag-supplier-silk-long-johns-for-cool-weather-layering","11":"first","12":"instock","13":"featured","14":"shipping-taxable","15":"purchasable","16":"product-type-simple"},"_links":{"self":[{"href":"https:\/\/silk-pajamas.com\/es\/wp-json\/wp\/v2\/product\/988","targetHints":{"allow":["GET"]}}],"collection":[{"href":"https:\/\/silk-pajamas.com\/es\/wp-json\/wp\/v2\/product"}],"about":[{"href":"https:\/\/silk-pajamas.com\/es\/wp-json\/wp\/v2\/types\/product"}],"wp:featuredmedia":[{"embeddable":true,"href":"https:\/\/silk-pajamas.com\/es\/wp-json\/wp\/v2\/media\/1112"}],"wp:attachment":[{"href":"https:\/\/silk-pajamas.com\/es\/wp-json\/wp\/v2\/media?parent=988"}],"wp:term":[{"taxonomy":"product_brand","embeddable":true,"href":"https:\/\/silk-pajamas.com\/es\/wp-json\/wp\/v2\/product_brand?post=988"},{"taxonomy":"product_cat","embeddable":true,"href":"https:\/\/silk-pajamas.com\/es\/wp-json\/wp\/v2\/product_cat?post=988"},{"taxonomy":"product_tag","embeddable":true,"href":"https:\/\/silk-pajamas.com\/es\/wp-json\/wp\/v2\/product_tag?post=988"}],"curies":[{"name":"wp","href":"https:\/\/api.w.org\/{rel}","templated":true}]}}