{"id":990,"date":"2026-04-12T15:43:49","date_gmt":"2026-04-12T15:43:49","guid":{"rendered":"https:\/\/silk-pajamas.com\/16-momme-mulberry-silk-panties-mid-rise-silver\/"},"modified":"2026-04-16T07:28:04","modified_gmt":"2026-04-16T07:28:04","slug":"16-momme-mulberry-silk-panties-mid-rise-silver","status":"publish","type":"product","link":"https:\/\/silk-pajamas.com\/es\/16-momme-mulberry-silk-panties-mid-rise-silver\/","title":{"rendered":"16 Braguitas Momme Mulberry Silk Silver Mid Rise"},"content":{"rendered":"<p>Este slip de seda est\u00e1 confeccionado en seda de morera 16 momme en tono plateado. Es de talle medio, suave al tacto y c\u00f3modo de llevar a diario. Este modelo es compatible con las tallas M, L, XL y XXL y es ideal para llevar en cualquier \u00e9poca del a\u00f1o, para regalar o para el d\u00eda a d\u00eda. Lavar a mano en fr\u00edo o en ciclo delicado.<\/p>","protected":false},"excerpt":{"rendered":"<p>16 Braguitas Momme Mulberry de seda en color plata. Acabado Mid Rise, sensaci\u00f3n de ca\u00edda suave y tallas M, L, XL, XXL. Dise\u00f1ado para el uso diario.<\/p>","protected":false},"featured_media":1117,"template":"","meta":{"_gspb_post_css":""},"product_brand":[],"product_cat":[39],"product_tag":[1017,1018,1019],"class_list":{"0":"post-990","1":"product","2":"type-product","3":"status-publish","4":"has-post-thumbnail","6":"product_cat-silk-panties","7":"product_tag-16-momme-silk-panties-silver","8":"product_tag-mulberry-silk-panties-mid-rise","9":"product_tag-wholesale-silk-panties-for-daily-wear","11":"first","12":"instock","13":"featured","14":"shipping-taxable","15":"purchasable","16":"product-type-simple"},"_links":{"self":[{"href":"https:\/\/silk-pajamas.com\/es\/wp-json\/wp\/v2\/product\/990","targetHints":{"allow":["GET"]}}],"collection":[{"href":"https:\/\/silk-pajamas.com\/es\/wp-json\/wp\/v2\/product"}],"about":[{"href":"https:\/\/silk-pajamas.com\/es\/wp-json\/wp\/v2\/types\/product"}],"wp:featuredmedia":[{"embeddable":true,"href":"https:\/\/silk-pajamas.com\/es\/wp-json\/wp\/v2\/media\/1117"}],"wp:attachment":[{"href":"https:\/\/silk-pajamas.com\/es\/wp-json\/wp\/v2\/media?parent=990"}],"wp:term":[{"taxonomy":"product_brand","embeddable":true,"href":"https:\/\/silk-pajamas.com\/es\/wp-json\/wp\/v2\/product_brand?post=990"},{"taxonomy":"product_cat","embeddable":true,"href":"https:\/\/silk-pajamas.com\/es\/wp-json\/wp\/v2\/product_cat?post=990"},{"taxonomy":"product_tag","embeddable":true,"href":"https:\/\/silk-pajamas.com\/es\/wp-json\/wp\/v2\/product_tag?post=990"}],"curies":[{"name":"wp","href":"https:\/\/api.w.org\/{rel}","templated":true}]}}